{"id":1535,"date":"2022-08-15T22:20:55","date_gmt":"2022-08-15T19:20:55","guid":{"rendered":"https:\/\/dentblueinternational.com\/de\/?page_id=1535"},"modified":"2022-11-29T11:07:47","modified_gmt":"2022-11-29T08:07:47","slug":"dienstleistungen","status":"publish","type":"page","link":"https:\/\/dentblueinternational.com\/de\/dienstleistungen","title":{"rendered":"Dienstleistungen"},"content":{"rendered":"<div data-elementor-type=\"wp-page\" data-elementor-id=\"1535\" class=\"elementor elementor-1535\">\n\t\t\t\t\t\t\t\t\t<section class=\"elementor-section elementor-top-section elementor-element elementor-element-3e4879f elementor-section-boxed elementor-section-height-default elementor-section-height-default\" data-id=\"3e4879f\" data-element_type=\"section\" data-settings=\"{&quot;background_background&quot;:&quot;classic&quot;}\">\n\t\t\t\t\t\t<div class=\"elementor-container elementor-column-gap-default\">\n\t\t\t\t\t<div class=\"elementor-column elementor-col-100 elementor-top-column elementor-element elementor-element-8d2a560\" data-id=\"8d2a560\" data-element_type=\"column\">\n\t\t\t<div class=\"elementor-widget-wrap elementor-element-populated\">\n\t\t\t\t\t\t\t\t<section class=\"elementor-section elementor-inner-section elementor-element elementor-element-7013c2e elementor-section-boxed elementor-section-height-default elementor-section-height-default\" data-id=\"7013c2e\" data-element_type=\"section\">\n\t\t\t\t\t\t<div class=\"elementor-container elementor-column-gap-default\">\n\t\t\t\t\t<div class=\"elementor-column elementor-col-50 elementor-inner-column elementor-element elementor-element-87ec41c\" data-id=\"87ec41c\" data-element_type=\"column\">\n\t\t\t<div class=\"elementor-widget-wrap elementor-element-populated\">\n\t\t\t\t\t\t\t\t<div class=\"elementor-element elementor-element-92fc94c elementor-widget elementor-widget-hub_fancy_heading\" data-id=\"92fc94c\" data-element_type=\"widget\" data-widget_type=\"hub_fancy_heading.default\">\n\t\t\t\t<div class=\"elementor-widget-container\">\n\t\t\t\n\t\t<div id=\"ld-fancy-heading-69dbd2d336540\" class=\"ld-fancy-heading pos-rel\">\n\t\t\t<h1 class=\"ld-fh-element d-inline-block pos-rel elementor-heading-title lqd-highlight-classic lqd-highlight-grow-left h1\"  > Dienstleistungen<\/h1>\t\t<\/div>\n\n\t\t\t\t<\/div>\n\t\t\t\t<\/div>\n\t\t\t\t<div class=\"elementor-element elementor-element-c910251 elementor-widget elementor-widget-ld_breadcrumb\" data-id=\"c910251\" data-element_type=\"widget\" data-widget_type=\"ld_breadcrumb.default\">\n\t\t\t\t<div class=\"elementor-widget-container\">\n\t\t\t<div class=\"lqd-breadcrumb-wrapper\"><nav role=\"navigation\" aria-label=\"Breadcrumbs\" class=\"breadcrumbs\"><ol class=\"breadcrumb reset-ul inline-nav inline-ul comma-sep-li\"><li class=\"breadcrumb-item active\"><a href=\"https:\/\/dentblueinternational.com\/de\" rel=\"home\"><span>Home<\/span><\/a><\/li><\/ol><\/nav><\/div>\t\t<\/div>\n\t\t\t\t<\/div>\n\t\t\t\t\t<\/div>\n\t\t<\/div>\n\t\t\t\t<div class=\"elementor-column elementor-col-50 elementor-inner-column elementor-element elementor-element-ea72417\" data-id=\"ea72417\" data-element_type=\"column\">\n\t\t\t<div class=\"elementor-widget-wrap\">\n\t\t\t\t\t\t\t\t\t<\/div>\n\t\t<\/div>\n\t\t\t\t\t\t\t<\/div>\n\t\t<\/section>\n\t\t\t\t\t<\/div>\n\t\t<\/div>\n\t\t\t\t\t\t\t<\/div>\n\t\t<\/section>\n\t\t\t\t<section class=\"elementor-section elementor-top-section elementor-element elementor-element-0149cd5 elementor-section-boxed elementor-section-height-default elementor-section-height-default\" data-id=\"0149cd5\" data-element_type=\"section\" data-settings=\"{&quot;background_background&quot;:&quot;classic&quot;}\">\n\t\t\t\t\t\t<div class=\"elementor-container elementor-column-gap-default\">\n\t\t\t\t\t<div class=\"elementor-column elementor-col-25 elementor-top-column elementor-element elementor-element-ff9d1c0\" data-id=\"ff9d1c0\" data-element_type=\"column\">\n\t\t\t<div class=\"elementor-widget-wrap elementor-element-populated\">\n\t\t\t\t\t\t\t\t<div class=\"elementor-element elementor-element-e01eec3 elementor-align-center elementor-widget elementor-widget-ld_icon_box\" data-id=\"e01eec3\" data-element_type=\"widget\" data-widget_type=\"ld_icon_box.default\">\n\t\t\t\t<div class=\"elementor-widget-container\">\n\t\t\t\n\t\t\t<div id=\"ld_icon_box_e01eec3\" class=\"iconbox d-flex flex-grow-1 pos-rel flex-column iconbox-default\"   >\n\t\t\t\t\n\t\t\t\t\t\n\t\t\t\t\n\t\t\t\t<div class=\"iconbox-icon-wrap\"><div class=\"iconbox-icon-container d-inline-flex\"><img decoding=\"async\" src=\"https:\/\/dentblueinternational.com\/wp-content\/uploads\/2022\/10\/dental-implant-icon1.png\" class=\"lqd-image-icon\" alt=\"Zahnimplantat\" \/><\/div><\/div>\t\t\t\t\n\t\t\t\t\t\t\t\t\n\t\t\t\t<div class=\"contents\">\t\t\t\t\n\t\t\t\t\t\t\t\t\n\t\t\t\t<h3 class=\"lqd-iconbox-heading\" >Zahnimplantat\n <\/h3>\t\t\t\t<p>Es ist ein Titanschraubensystem, das zur Herstellung von ...<\/p>\n\t\t\t\t\t\t\t\t\n\t\t\t\t<\/div>\t\t\t\t\n\t\t\t\t<a href=\"https:\/\/dentblueinternational.com\/de\/dienstleistungen\/zahnimplantat\" class=\"lqd-overlay z-index-2\" target=\"_blank&quot;\" rel=\"nofollow\"><\/a>\n\t\t\t<\/div>\n\n\t\t\t\t<\/div>\n\t\t\t\t<\/div>\n\t\t\t\t\t<\/div>\n\t\t<\/div>\n\t\t\t\t<div class=\"elementor-column elementor-col-25 elementor-top-column elementor-element elementor-element-2c7d3e6\" data-id=\"2c7d3e6\" data-element_type=\"column\">\n\t\t\t<div class=\"elementor-widget-wrap elementor-element-populated\">\n\t\t\t\t\t\t\t\t<div class=\"elementor-element elementor-element-c3fe481 elementor-align-center elementor-widget elementor-widget-ld_icon_box\" data-id=\"c3fe481\" data-element_type=\"widget\" data-widget_type=\"ld_icon_box.default\">\n\t\t\t\t<div class=\"elementor-widget-container\">\n\t\t\t\n\t\t\t<div id=\"ld_icon_box_c3fe481\" class=\"iconbox d-flex flex-grow-1 pos-rel flex-column iconbox-default\"   >\n\t\t\t\t\n\t\t\t\t\t\n\t\t\t\t\n\t\t\t\t<div class=\"iconbox-icon-wrap\"><div class=\"iconbox-icon-container d-inline-flex\"><img decoding=\"async\" src=\"https:\/\/dentblueinternational.com\/wp-content\/uploads\/2022\/10\/crown-icon1.png\" class=\"lqd-image-icon\" alt=\"Krone aus Zirkonium\" \/><\/div><\/div>\t\t\t\t\n\t\t\t\t\t\t\t\t\n\t\t\t\t<div class=\"contents\">\t\t\t\t\n\t\t\t\t\t\t\t\t\n\t\t\t\t<h3 class=\"lqd-iconbox-heading\" >Krone aus Zirkonium\n <\/h3>\t\t\t\t<p>Zirkoniumkronen bestehen aus einem reinwei\u00dfen Metallkern....<\/p>\n\t\t\t\t\t\t\t\t\n\t\t\t\t<\/div>\t\t\t\t\n\t\t\t\t<a href=\"https:\/\/dentblueinternational.com\/de\/dienstleistungen\/krone-aus-zirkonium\" class=\"lqd-overlay z-index-2\" target=\"_blank&quot;\" rel=\"nofollow\"><\/a>\n\t\t\t<\/div>\n\n\t\t\t\t<\/div>\n\t\t\t\t<\/div>\n\t\t\t\t\t<\/div>\n\t\t<\/div>\n\t\t\t\t<div class=\"elementor-column elementor-col-25 elementor-top-column elementor-element elementor-element-7396d73\" data-id=\"7396d73\" data-element_type=\"column\">\n\t\t\t<div class=\"elementor-widget-wrap elementor-element-populated\">\n\t\t\t\t\t\t\t\t<div class=\"elementor-element elementor-element-d1ef34c elementor-align-center elementor-widget elementor-widget-ld_icon_box\" data-id=\"d1ef34c\" data-element_type=\"widget\" data-widget_type=\"ld_icon_box.default\">\n\t\t\t\t<div class=\"elementor-widget-container\">\n\t\t\t\n\t\t\t<div id=\"ld_icon_box_d1ef34c\" class=\"iconbox d-flex flex-grow-1 pos-rel flex-column iconbox-default\"   >\n\t\t\t\t\n\t\t\t\t\t\n\t\t\t\t\n\t\t\t\t<div class=\"iconbox-icon-wrap\"><div class=\"iconbox-icon-container d-inline-flex\"><img decoding=\"async\" src=\"https:\/\/dentblueinternational.com\/wp-content\/uploads\/2022\/10\/veneer-icon1.png\" class=\"lqd-image-icon\" alt=\"Laminat Furnier\" \/><\/div><\/div>\t\t\t\t\n\t\t\t\t\t\t\t\t\n\t\t\t\t<div class=\"contents\">\t\t\t\t\n\t\t\t\t\t\t\t\t\n\t\t\t\t<h3 class=\"lqd-iconbox-heading\" >Laminat Furnier\n <\/h3>\t\t\t\t<p>It is a method that is made by thinning only the front faces of the teeth ...<\/p>\n\t\t\t\t\t\t\t\t\n\t\t\t\t<\/div>\t\t\t\t\n\t\t\t\t<a href=\"https:\/\/dentblueinternational.com\/de\/dienstleistungen\/laminat-furnier\" class=\"lqd-overlay z-index-2\" target=\"_blank&quot;\" rel=\"nofollow\"><\/a>\n\t\t\t<\/div>\n\n\t\t\t\t<\/div>\n\t\t\t\t<\/div>\n\t\t\t\t\t<\/div>\n\t\t<\/div>\n\t\t\t\t<div class=\"elementor-column elementor-col-25 elementor-top-column elementor-element elementor-element-59d04df\" data-id=\"59d04df\" data-element_type=\"column\">\n\t\t\t<div class=\"elementor-widget-wrap elementor-element-populated\">\n\t\t\t\t\t\t\t\t<div class=\"elementor-element elementor-element-1b65b72 elementor-align-center elementor-widget elementor-widget-ld_icon_box\" data-id=\"1b65b72\" data-element_type=\"widget\" data-widget_type=\"ld_icon_box.default\">\n\t\t\t\t<div class=\"elementor-widget-container\">\n\t\t\t\n\t\t\t<div id=\"ld_icon_box_1b65b72\" class=\"iconbox d-flex flex-grow-1 pos-rel flex-column iconbox-default\"   >\n\t\t\t\t\n\t\t\t\t\t\n\t\t\t\t\n\t\t\t\t<div class=\"iconbox-icon-wrap\"><div class=\"iconbox-icon-container d-inline-flex\"><img decoding=\"async\" src=\"https:\/\/dentblueinternational.com\/wp-content\/uploads\/2022\/10\/emax-icon1.png\" class=\"lqd-image-icon\" alt=\"E-max\" \/><\/div><\/div>\t\t\t\t\n\t\t\t\t\t\t\t\t\n\t\t\t\t<div class=\"contents\">\t\t\t\t\n\t\t\t\t\t\t\t\t\n\t\t\t\t<h3 class=\"lqd-iconbox-heading\" >E-max <\/h3>\t\t\t\t<p>Emax; Es ist eine Behandlungstechnik namens Kaiserporzellan...<\/p>\n\t\t\t\t\t\t\t\t\n\t\t\t\t<\/div>\t\t\t\t\n\t\t\t\t<a href=\"https:\/\/dentblueinternational.com\/de\/dienstleistungen\/e-max\" class=\"lqd-overlay z-index-2\" target=\"_blank&quot;\" rel=\"nofollow\"><\/a>\n\t\t\t<\/div>\n\n\t\t\t\t<\/div>\n\t\t\t\t<\/div>\n\t\t\t\t\t<\/div>\n\t\t<\/div>\n\t\t\t\t\t\t\t<\/div>\n\t\t<\/section>\n\t\t\t\t<section class=\"elementor-section elementor-top-section elementor-element elementor-element-84964eb elementor-section-boxed elementor-section-height-default elementor-section-height-default\" data-id=\"84964eb\" data-element_type=\"section\" data-settings=\"{&quot;background_background&quot;:&quot;classic&quot;}\">\n\t\t\t\t\t\t<div class=\"elementor-container elementor-column-gap-default\">\n\t\t\t\t\t<div class=\"elementor-column elementor-col-25 elementor-top-column elementor-element elementor-element-d051572\" data-id=\"d051572\" data-element_type=\"column\">\n\t\t\t<div class=\"elementor-widget-wrap elementor-element-populated\">\n\t\t\t\t\t\t\t\t<div class=\"elementor-element elementor-element-0a46c6b elementor-align-center elementor-widget elementor-widget-ld_icon_box\" data-id=\"0a46c6b\" data-element_type=\"widget\" data-widget_type=\"ld_icon_box.default\">\n\t\t\t\t<div class=\"elementor-widget-container\">\n\t\t\t\n\t\t\t<div id=\"ld_icon_box_0a46c6b\" class=\"iconbox d-flex flex-grow-1 pos-rel flex-column iconbox-default\"   >\n\t\t\t\t\n\t\t\t\t\t\n\t\t\t\t\n\t\t\t\t<div class=\"iconbox-icon-wrap\"><div class=\"iconbox-icon-container d-inline-flex\"><img decoding=\"async\" src=\"https:\/\/dentblueinternational.com\/wp-content\/uploads\/2022\/10\/smile-icon1.png\" class=\"lqd-image-icon\" alt=\"Hollywood-L\u00e4cheln\" \/><\/div><\/div>\t\t\t\t\n\t\t\t\t\t\t\t\t\n\t\t\t\t<div class=\"contents\">\t\t\t\t\n\t\t\t\t\t\t\t\t\n\t\t\t\t<h3 class=\"lqd-iconbox-heading\" >Hollywood-L\u00e4cheln\n <\/h3>\t\t\t\t<p>Hollywood-glimlach: het is een op maat gemaakte make-over voor de glimlach...<\/p>\n\t\t\t\t\t\t\t\t\n\t\t\t\t<\/div>\t\t\t\t\n\t\t\t\t<a href=\"https:\/\/dentblueinternational.com\/de\/dienstleistungen\/hollywood-lacheln\" class=\"lqd-overlay z-index-2\" target=\"_blank&quot;\" rel=\"nofollow\"><\/a>\n\t\t\t<\/div>\n\n\t\t\t\t<\/div>\n\t\t\t\t<\/div>\n\t\t\t\t\t<\/div>\n\t\t<\/div>\n\t\t\t\t<div class=\"elementor-column elementor-col-25 elementor-top-column elementor-element elementor-element-8181f6b\" data-id=\"8181f6b\" data-element_type=\"column\">\n\t\t\t<div class=\"elementor-widget-wrap elementor-element-populated\">\n\t\t\t\t\t\t\t\t<div class=\"elementor-element elementor-element-9263863 elementor-align-center elementor-widget elementor-widget-ld_icon_box\" data-id=\"9263863\" data-element_type=\"widget\" data-widget_type=\"ld_icon_box.default\">\n\t\t\t\t<div class=\"elementor-widget-container\">\n\t\t\t\n\t\t\t<div id=\"ld_icon_box_9263863\" class=\"iconbox d-flex flex-grow-1 pos-rel flex-column iconbox-default\"   >\n\t\t\t\t\n\t\t\t\t\t\n\t\t\t\t\n\t\t\t\t<div class=\"iconbox-icon-wrap\"><div class=\"iconbox-icon-container d-inline-flex\"><img decoding=\"async\" src=\"https:\/\/dentblueinternational.com\/wp-content\/uploads\/2022\/10\/smile-icon2.png\" class=\"lqd-image-icon\" alt=\"Smile Makeover\" \/><\/div><\/div>\t\t\t\t\n\t\t\t\t\t\t\t\t\n\t\t\t\t<div class=\"contents\">\t\t\t\t\n\t\t\t\t\t\t\t\t\n\t\t\t\t<h3 class=\"lqd-iconbox-heading\" >Smile Makeover\n <\/h3>\t\t\t\t<p>Hollywood-L\u00e4cheln: Es ist ein individuelles L\u00e4cheln-Makeover, das aus...<\/p>\n\t\t\t\t\t\t\t\t\n\t\t\t\t<\/div>\t\t\t\t\n\t\t\t\t<a href=\"https:\/\/dentblueinternational.com\/de\/dienstleistungen\/smile-makeover\" class=\"lqd-overlay z-index-2\" target=\"_blank&quot;\" rel=\"nofollow\"><\/a>\n\t\t\t<\/div>\n\n\t\t\t\t<\/div>\n\t\t\t\t<\/div>\n\t\t\t\t\t<\/div>\n\t\t<\/div>\n\t\t\t\t<div class=\"elementor-column elementor-col-25 elementor-top-column elementor-element elementor-element-0bace43\" data-id=\"0bace43\" data-element_type=\"column\">\n\t\t\t<div class=\"elementor-widget-wrap elementor-element-populated\">\n\t\t\t\t\t\t\t\t<div class=\"elementor-element elementor-element-3170655 elementor-align-center elementor-widget elementor-widget-ld_icon_box\" data-id=\"3170655\" data-element_type=\"widget\" data-widget_type=\"ld_icon_box.default\">\n\t\t\t\t<div class=\"elementor-widget-container\">\n\t\t\t\n\t\t\t<div id=\"ld_icon_box_3170655\" class=\"iconbox d-flex flex-grow-1 pos-rel flex-column iconbox-default\"   >\n\t\t\t\t\n\t\t\t\t\t\n\t\t\t\t\n\t\t\t\t<div class=\"iconbox-icon-wrap\"><div class=\"iconbox-icon-container d-inline-flex\"><img decoding=\"async\" src=\"https:\/\/dentblueinternational.com\/wp-content\/uploads\/2022\/10\/teeth-whitening-icon1.png\" class=\"lqd-image-icon\" alt=\"Zahnaufhellung\" \/><\/div><\/div>\t\t\t\t\n\t\t\t\t\t\t\t\t\n\t\t\t\t<div class=\"contents\">\t\t\t\t\n\t\t\t\t\t\t\t\t\n\t\t\t\t<h3 class=\"lqd-iconbox-heading\" >Zahnaufhellung\n <\/h3>\t\t\t\t<p>F\u00fcr diejenigen, die in sehr kurzer Zeit ein viel wei\u00dferes L\u00e4cheln w\u00fcnschen ...<\/p>\n\t\t\t\t\t\t\t\t\n\t\t\t\t<\/div>\t\t\t\t\n\t\t\t\t<a href=\"https:\/\/dentblueinternational.com\/de\/dienstleistungen\/zahnaufhellung\" class=\"lqd-overlay z-index-2\" target=\"_blank&quot;\" rel=\"nofollow\"><\/a>\n\t\t\t<\/div>\n\n\t\t\t\t<\/div>\n\t\t\t\t<\/div>\n\t\t\t\t\t<\/div>\n\t\t<\/div>\n\t\t\t\t<div class=\"elementor-column elementor-col-25 elementor-top-column elementor-element elementor-element-7b40468\" data-id=\"7b40468\" data-element_type=\"column\">\n\t\t\t<div class=\"elementor-widget-wrap elementor-element-populated\">\n\t\t\t\t\t\t\t\t<div class=\"elementor-element elementor-element-414daa1 elementor-align-center elementor-widget elementor-widget-ld_icon_box\" data-id=\"414daa1\" data-element_type=\"widget\" data-widget_type=\"ld_icon_box.default\">\n\t\t\t\t<div class=\"elementor-widget-container\">\n\t\t\t\n\t\t\t<div id=\"ld_icon_box_414daa1\" class=\"iconbox d-flex flex-grow-1 pos-rel flex-column iconbox-default\"   >\n\t\t\t\t\n\t\t\t\t\t\n\t\t\t\t\n\t\t\t\t<div class=\"iconbox-icon-wrap\"><div class=\"iconbox-icon-container d-inline-flex\"><img decoding=\"async\" src=\"https:\/\/dentblueinternational.com\/wp-content\/uploads\/2022\/10\/all-on-4-icon1.png\" class=\"lqd-image-icon\" alt=\"Alles Auf 4\" \/><\/div><\/div>\t\t\t\t\n\t\t\t\t\t\t\t\t\n\t\t\t\t<div class=\"contents\">\t\t\t\t\n\t\t\t\t\t\t\t\t\n\t\t\t\t<h3 class=\"lqd-iconbox-heading\" >Alles Auf 4\n <\/h3>\t\t\t\t<p>All-on-4 ist ein Zahnersatz, der von 4 Implantaten getragen wird  ...<\/p>\n\t\t\t\t\t\t\t\t\n\t\t\t\t<\/div>\t\t\t\t\n\t\t\t\t<a href=\"https:\/\/dentblueinternational.com\/de\/dienstleistungen\/alles-auf-4\" class=\"lqd-overlay z-index-2\" target=\"_blank&quot;\" rel=\"nofollow\"><\/a>\n\t\t\t<\/div>\n\n\t\t\t\t<\/div>\n\t\t\t\t<\/div>\n\t\t\t\t\t<\/div>\n\t\t<\/div>\n\t\t\t\t\t\t\t<\/div>\n\t\t<\/section>\n\t\t\t\t\t\t\t<\/div>","protected":false},"excerpt":{"rendered":"<p>Dienstleistungen Home Zahnimplantat Es ist ein Titanschraubensystem, das zur Herstellung von &#8230; Krone aus Zirkonium Zirkoniumkronen bestehen aus einem reinwei\u00dfen Metallkern&#8230;. Laminat Furnier It is a method that is made by thinning only the front faces of the teeth &#8230; E-max Emax; Es ist eine Behandlungstechnik namens Kaiserporzellan&#8230; Hollywood-L\u00e4cheln Hollywood-glimlach: het is een op maat [&hellip;]<\/p>","protected":false},"author":1,"featured_media":0,"parent":0,"menu_order":0,"comment_status":"closed","ping_status":"closed","template":"","meta":{"footnotes":""},"class_list":["post-1535","page","type-page","status-publish","hentry"],"aioseo_notices":[],"_links":{"self":[{"href":"https:\/\/dentblueinternational.com\/de\/wp-json\/wp\/v2\/pages\/1535","targetHints":{"allow":["GET"]}}],"collection":[{"href":"https:\/\/dentblueinternational.com\/de\/wp-json\/wp\/v2\/pages"}],"about":[{"href":"https:\/\/dentblueinternational.com\/de\/wp-json\/wp\/v2\/types\/page"}],"author":[{"embeddable":true,"href":"https:\/\/dentblueinternational.com\/de\/wp-json\/wp\/v2\/users\/1"}],"replies":[{"embeddable":true,"href":"https:\/\/dentblueinternational.com\/de\/wp-json\/wp\/v2\/comments?post=1535"}],"version-history":[{"count":0,"href":"https:\/\/dentblueinternational.com\/de\/wp-json\/wp\/v2\/pages\/1535\/revisions"}],"wp:attachment":[{"href":"https:\/\/dentblueinternational.com\/de\/wp-json\/wp\/v2\/media?parent=1535"}],"curies":[{"name":"wp","href":"https:\/\/api.w.org\/{rel}","templated":true}]}}