{"id":1547,"date":"2022-08-15T22:37:41","date_gmt":"2022-08-15T19:37:41","guid":{"rendered":"https:\/\/dentblueinternational.com\/de\/?page_id=1547"},"modified":"2026-03-24T13:06:07","modified_gmt":"2026-03-24T10:06:07","slug":"zahnaufhellung","status":"publish","type":"page","link":"https:\/\/dentblueinternational.com\/de\/dienstleistungen\/zahnaufhellung","title":{"rendered":"Zahnaufhellung"},"content":{"rendered":"<div data-elementor-type=\"wp-page\" data-elementor-id=\"1547\" class=\"elementor elementor-1547\">\n\t\t\t\t\t\t\t\t\t<section class=\"elementor-section elementor-top-section elementor-element elementor-element-3e4879f elementor-section-boxed elementor-section-height-default elementor-section-height-default\" data-id=\"3e4879f\" data-element_type=\"section\" data-settings=\"{&quot;background_background&quot;:&quot;classic&quot;}\">\n\t\t\t\t\t\t<div class=\"elementor-container elementor-column-gap-default\">\n\t\t\t\t\t<div class=\"elementor-column elementor-col-100 elementor-top-column elementor-element elementor-element-8d2a560\" data-id=\"8d2a560\" data-element_type=\"column\">\n\t\t\t<div class=\"elementor-widget-wrap elementor-element-populated\">\n\t\t\t\t\t\t\t\t<section class=\"elementor-section elementor-inner-section elementor-element elementor-element-7013c2e elementor-section-boxed elementor-section-height-default elementor-section-height-default\" data-id=\"7013c2e\" data-element_type=\"section\">\n\t\t\t\t\t\t<div class=\"elementor-container elementor-column-gap-default\">\n\t\t\t\t\t<div class=\"elementor-column elementor-col-50 elementor-inner-column elementor-element elementor-element-87ec41c\" data-id=\"87ec41c\" data-element_type=\"column\">\n\t\t\t<div class=\"elementor-widget-wrap elementor-element-populated\">\n\t\t\t\t\t\t\t\t<div class=\"elementor-element elementor-element-92fc94c elementor-widget elementor-widget-hub_fancy_heading\" data-id=\"92fc94c\" data-element_type=\"widget\" data-widget_type=\"hub_fancy_heading.default\">\n\t\t\t\t<div class=\"elementor-widget-container\">\n\t\t\t\n\t\t<div id=\"ld-fancy-heading-69dc6aaf7687a\" class=\"ld-fancy-heading pos-rel\">\n\t\t\t<h1 class=\"ld-fh-element d-inline-block pos-rel elementor-heading-title lqd-highlight-classic lqd-highlight-grow-left h1\"  > Zahnaufhellung<\/h1>\t\t<\/div>\n\n\t\t\t\t<\/div>\n\t\t\t\t<\/div>\n\t\t\t\t<div class=\"elementor-element elementor-element-c910251 elementor-widget elementor-widget-ld_breadcrumb\" data-id=\"c910251\" data-element_type=\"widget\" data-widget_type=\"ld_breadcrumb.default\">\n\t\t\t\t<div class=\"elementor-widget-container\">\n\t\t\t<div class=\"lqd-breadcrumb-wrapper\"><nav role=\"navigation\" aria-label=\"Breadcrumbs\" class=\"breadcrumbs\"><ol class=\"breadcrumb reset-ul inline-nav inline-ul comma-sep-li\"><li class=\"breadcrumb-item active\"><a href=\"https:\/\/dentblueinternational.com\/de\" rel=\"home\"><span>Home<\/span><\/a><\/li><\/ol><\/nav><\/div>\t\t<\/div>\n\t\t\t\t<\/div>\n\t\t\t\t\t<\/div>\n\t\t<\/div>\n\t\t\t\t<div class=\"elementor-column elementor-col-50 elementor-inner-column elementor-element elementor-element-ea72417\" data-id=\"ea72417\" data-element_type=\"column\">\n\t\t\t<div class=\"elementor-widget-wrap\">\n\t\t\t\t\t\t\t\t\t<\/div>\n\t\t<\/div>\n\t\t\t\t\t\t\t<\/div>\n\t\t<\/section>\n\t\t\t\t\t<\/div>\n\t\t<\/div>\n\t\t\t\t\t\t\t<\/div>\n\t\t<\/section>\n\t\t\t\t<section class=\"elementor-section elementor-top-section elementor-element elementor-element-bf19241 elementor-section-boxed elementor-section-height-default elementor-section-height-default\" data-id=\"bf19241\" data-element_type=\"section\">\n\t\t\t\t\t\t<div class=\"elementor-container elementor-column-gap-default\">\n\t\t\t\t\t<div class=\"lqd-css-sticky-column elementor-column elementor-col-50 elementor-top-column elementor-element elementor-element-806ca9e elementor-hidden-mobile\" style=\"--lqd-sticky-offset:30px\" data-id=\"806ca9e\" data-element_type=\"column\">\n\t\t\t<div class=\"elementor-widget-wrap elementor-element-populated\">\n\t\t\t\t\t\t\t\t<div class=\"elementor-element elementor-element-c7001ee elementor-widget elementor-widget-hub_fancy_heading\" data-id=\"c7001ee\" data-element_type=\"widget\" data-widget_type=\"hub_fancy_heading.default\">\n\t\t\t\t<div class=\"elementor-widget-container\">\n\t\t\t\n\t\t<div id=\"ld-fancy-heading-69dc6aaf79df7\" class=\"ld-fancy-heading pos-rel\">\n\t\t\t<h6 class=\"ld-fh-element d-inline-block pos-rel elementor-heading-title lqd-highlight-classic lqd-highlight-grow-left h6\"  > DIENSTLEISTUNGEN<\/h6>\t\t<\/div>\n\n\t\t\t\t<\/div>\n\t\t\t\t<\/div>\n\t\t\t\t<div class=\"elementor-element elementor-element-e7b7ad4 elementor-widget elementor-widget-ld_custom_menu\" data-id=\"e7b7ad4\" data-element_type=\"widget\" data-widget_type=\"ld_custom_menu.default\">\n\t\t\t\t<div class=\"elementor-widget-container\">\n\t\t\t\n\t\t\t<div  \n\t\t\t\tclass=\"lqd-fancy-menu lqd-custom-menu pos-rel lqd-menu-td-none\"\n\t\t\t\t\t\t\t>\n\t\t\t\n\t\t\t\t\t\t\t<ul class=\"reset-ul\" id=\"e7b7ad4\"  data-localscroll=\"true\" data-localscroll-options=\"{&quot;itemsSelector&quot;:&quot;&gt; li &gt; a&quot;,&quot;trackWindowScroll&quot;:true,&quot;includeParentAsOffset&quot;:false,&quot;offsetElements&quot;:&quot;[data-sticky-header] .lqd-head-sec-wrap:not(.lqd-hide-onstuck), #wpadminbar, body.elementor-page .main-header[data-sticky-header] &gt; .elementor &gt; .elementor-section-wrap &gt; .elementor-section:not(.lqd-hide-onstuck):not(.lqd-stickybar-wrap), body.elementor-page .main-header[data-sticky-header] &gt; .elementor &gt; .elementor-section:not(.lqd-hide-onstuck):not(.lqd-stickybar-wrap)&quot;}\">\n\t\t\t\t\n\t\t\t\t\t\t<li>\n\t\t\t\t\t\t\t<a  href=\"https:\/\/dentblueinternational.com\/de\/dienstleistungen\/zahnimplantat\" target=\"_self\" > \n\n\t\t\t\t\t\t\t\t\t\t\t\t\t\t\t\t\t<span class=\"link-icon d-inline-flex hide-if-empty right-icon icon-next-to-label\"><i aria-hidden=\"true\" class=\"lqd-icn-ess icon-ion-ios-arrow-forward\"><\/i><\/span>\t\n\t\t\t\t\t\t\t\t\n\t\t\t\t\t\t\t\tZahnimplantat  \n\t\t\t\t\t\t\t\t\t\t\t\t\t\t\t<\/a>\n\t\t\t\t\t\t\t\t\t\t\t\t\t<\/li>\n\n\t\t\t\t\t\t\n\t\t\t\t\t\t<li>\n\t\t\t\t\t\t\t<a  href=\"https:\/\/dentblueinternational.com\/de\/dienstleistungen\/krone-aus-zirkonium\" target=\"_self\" > \n\n\t\t\t\t\t\t\t\t\t\t\t\t\t\t\t\t\t<span class=\"link-icon d-inline-flex hide-if-empty right-icon icon-next-to-label\"><i aria-hidden=\"true\" class=\"lqd-icn-ess icon-ion-ios-arrow-forward\"><\/i><\/span>\t\n\t\t\t\t\t\t\t\t\n\t\t\t\t\t\t\t\tKrone aus Zirkonium  \n\t\t\t\t\t\t\t\t\t\t\t\t\t\t\t<\/a>\n\t\t\t\t\t\t\t\t\t\t\t\t\t<\/li>\n\n\t\t\t\t\t\t\n\t\t\t\t\t\t<li>\n\t\t\t\t\t\t\t<a  href=\"https:\/\/dentblueinternational.com\/de\/dienstleistungen\/laminat-furnier\" target=\"_self\" > \n\n\t\t\t\t\t\t\t\t\t\t\t\t\t\t\t\t\t<span class=\"link-icon d-inline-flex hide-if-empty right-icon icon-next-to-label\"><i aria-hidden=\"true\" class=\"lqd-icn-ess icon-ion-ios-arrow-forward\"><\/i><\/span>\t\n\t\t\t\t\t\t\t\t\n\t\t\t\t\t\t\t\tLaminat Furnier  \n\t\t\t\t\t\t\t\t\t\t\t\t\t\t\t<\/a>\n\t\t\t\t\t\t\t\t\t\t\t\t\t<\/li>\n\n\t\t\t\t\t\t\n\t\t\t\t\t\t<li>\n\t\t\t\t\t\t\t<a  href=\"https:\/\/dentblueinternational.com\/de\/dienstleistungen\/e-max\" target=\"_self\" > \n\n\t\t\t\t\t\t\t\t\t\t\t\t\t\t\t\t\t<span class=\"link-icon d-inline-flex hide-if-empty right-icon icon-next-to-label\"><i aria-hidden=\"true\" class=\"lqd-icn-ess icon-ion-ios-arrow-forward\"><\/i><\/span>\t\n\t\t\t\t\t\t\t\t\n\t\t\t\t\t\t\t\tE-Max  \n\t\t\t\t\t\t\t\t\t\t\t\t\t\t\t<\/a>\n\t\t\t\t\t\t\t\t\t\t\t\t\t<\/li>\n\n\t\t\t\t\t\t\n\t\t\t\t\t\t<li>\n\t\t\t\t\t\t\t<a  href=\"https:\/\/dentblueinternational.com\/de\/dienstleistungen\/hollywood-lacheln\" target=\"_self\" > \n\n\t\t\t\t\t\t\t\t\t\t\t\t\t\t\t\t\t<span class=\"link-icon d-inline-flex hide-if-empty right-icon icon-next-to-label\"><i aria-hidden=\"true\" class=\"lqd-icn-ess icon-ion-ios-arrow-forward\"><\/i><\/span>\t\n\t\t\t\t\t\t\t\t\n\t\t\t\t\t\t\t\tHollywood-L\u00e4cheln  \n\t\t\t\t\t\t\t\t\t\t\t\t\t\t\t<\/a>\n\t\t\t\t\t\t\t\t\t\t\t\t\t<\/li>\n\n\t\t\t\t\t\t\n\t\t\t\t\t\t<li>\n\t\t\t\t\t\t\t<a  href=\"https:\/\/dentblueinternational.com\/de\/dienstleistungen\/smile-makeover\" target=\"_self\" > \n\n\t\t\t\t\t\t\t\t\t\t\t\t\t\t\t\t\t<span class=\"link-icon d-inline-flex hide-if-empty right-icon icon-next-to-label\"><i aria-hidden=\"true\" class=\"lqd-icn-ess icon-ion-ios-arrow-forward\"><\/i><\/span>\t\n\t\t\t\t\t\t\t\t\n\t\t\t\t\t\t\t\tSmile Makeover  \n\t\t\t\t\t\t\t\t\t\t\t\t\t\t\t<\/a>\n\t\t\t\t\t\t\t\t\t\t\t\t\t<\/li>\n\n\t\t\t\t\t\t\n\t\t\t\t\t\t<li>\n\t\t\t\t\t\t\t<a  href=\"https:\/\/dentblueinternational.com\/de\/dienstleistungen\/zahnaufhellung\" target=\"_self\" > \n\n\t\t\t\t\t\t\t\t\t\t\t\t\t\t\t\t\t<span class=\"link-icon d-inline-flex hide-if-empty right-icon icon-next-to-label\"><i aria-hidden=\"true\" class=\"lqd-icn-ess icon-ion-ios-arrow-forward\"><\/i><\/span>\t\n\t\t\t\t\t\t\t\t\n\t\t\t\t\t\t\t\tZahnaufhellung  \n\t\t\t\t\t\t\t\t\t\t\t\t\t\t\t<\/a>\n\t\t\t\t\t\t\t\t\t\t\t\t\t<\/li>\n\n\t\t\t\t\t\t\n\t\t\t\t\t\t<li>\n\t\t\t\t\t\t\t<a  href=\"https:\/\/dentblueinternational.com\/de\/dienstleistungen\/alles-auf-4\" target=\"_self\" > \n\n\t\t\t\t\t\t\t\t\t\t\t\t\t\t\t\t\t<span class=\"link-icon d-inline-flex hide-if-empty right-icon icon-next-to-label\"><i aria-hidden=\"true\" class=\"lqd-icn-ess icon-ion-ios-arrow-forward\"><\/i><\/span>\t\n\t\t\t\t\t\t\t\t\n\t\t\t\t\t\t\t\tAlles Auf 4  \n\t\t\t\t\t\t\t\t\t\t\t\t\t\t\t<\/a>\n\t\t\t\t\t\t\t\t\t\t\t\t\t<\/li>\n\n\t\t\t\t\t\t\t\t\t\t<\/ul>\n\t\t\t\t\t\t\t\t\t<\/div>\n\t\t\t\t<\/div>\n\t\t\t\t<\/div>\n\t\t\t\t\t<\/div>\n\t\t<\/div>\n\t\t\t\t<div class=\"elementor-column elementor-col-50 elementor-top-column elementor-element elementor-element-15be3ae\" data-id=\"15be3ae\" data-element_type=\"column\">\n\t\t\t<div class=\"elementor-widget-wrap elementor-element-populated\">\n\t\t\t\t\t\t\t\t<section class=\"elementor-section elementor-inner-section elementor-element elementor-element-4483586 elementor-section-boxed elementor-section-height-default elementor-section-height-default\" data-id=\"4483586\" data-element_type=\"section\" id=\"id-pass-security\">\n\t\t\t\t\t\t<div class=\"elementor-container elementor-column-gap-default\">\n\t\t\t\t\t<div class=\"elementor-column elementor-col-100 elementor-inner-column elementor-element elementor-element-ccf638a\" data-id=\"ccf638a\" data-element_type=\"column\">\n\t\t\t<div class=\"elementor-widget-wrap elementor-element-populated\">\n\t\t\t\t\t\t\t\t<div class=\"elementor-element elementor-element-c58b538 elementor-widget elementor-widget-ld_content_box\" data-id=\"c58b538\" data-element_type=\"widget\" data-widget_type=\"ld_content_box.default\">\n\t\t\t\t<div class=\"elementor-widget-container\">\n\t\t\t \n\n\t\t<div class=\"lqd-fb pos-rel lqd-fb-style-1 lqd-fb-style-1-3 lqd-fb-content-overlay lqd-fb-zoom-img-onhover border-radius-4 overflow-hidden h-pt-50\"  data-inview=\"true\" >\n\t\t\t\t\t<div class=\"lqd-fb-inner lqd-overlay\">\n\n\t\t\t\t<div class=\"lqd-fb-img lqd-overlay overflow-hidden\">\n\n\t\t\t\t\t<figure class=\"w-100 h-100\">\n\t\t\t\t\t\t<img decoding=\"async\" class=\"w-100 h-100 objfit-cover objpos-center\" src=\"https:\/\/dentblueinternational.com\/wp-content\/uploads\/2022\/08\/teeth-whitening-1.jpg\">\t\t\t\t\t<\/figure>\n\n\t\t\t\t<\/div>\n\n\t\t\t\t<div class=\"lqd-fb-content lqd-overlay d-flex align-items-end\">\n\t\t\t\t\t<div class=\"lqd-fb-bg lqd-overlay\"><\/div>\n\t\t\t\t\t<div class=\"lqd-fb-hover-overlay lqd-overlay\"><\/div>\n\t\t\t\t\t<div class=\"lqd-fb-content-inner d-flex flex-column justify-content-end pos-rel h-100 w-100 p-4\">\n\t\t\t\t\t\t\n\t\t\t\t\t\t\t\t\t\t\t\t\n\t\t\t\t\t\t<div class=\"lqd-fb-content-bottom\">\n\t\t\t\t\t\t\t\n\t\t\t\t\t\t\t\t\t\t\t\t\t\t\n\t\t\t\t\t\t\t\n\t\t\t\t\t\t\t\n\t\t\t\t\t\t<\/div>\n\n\t\t\t\t\t\t\t\t\t\t\t\t\n\t\t\t\t\t<\/div>\n\t\t\t\t<\/div>\n\n\t\t\t\t<\/div>\n\t\t\t \n\t\t<\/div>\n\t\t\t\t<\/div>\n\t\t\t\t<\/div>\n\t\t\t\t<div class=\"elementor-element elementor-element-7d86ff1 elementor-widget elementor-widget-hub_fancy_heading\" data-id=\"7d86ff1\" data-element_type=\"widget\" data-widget_type=\"hub_fancy_heading.default\">\n\t\t\t\t<div class=\"elementor-widget-container\">\n\t\t\t\n\t\t<div id=\"ld-fancy-heading-69dc6aaf8402b\" class=\"ld-fancy-heading pos-rel\">\n\t\t\t<h1 class=\"ld-fh-element d-inline-block pos-rel elementor-heading-title lqd-highlight-classic lqd-highlight-grow-left h1\"  > Zahnaufhellung<\/h1>\t\t<\/div>\n\n\t\t\t\t<\/div>\n\t\t\t\t<\/div>\n\t\t\t\t<div class=\"elementor-element elementor-element-01b7d80 elementor-widget elementor-widget-text-editor\" data-id=\"01b7d80\" data-element_type=\"widget\" data-widget_type=\"text-editor.default\">\n\t\t\t\t<div class=\"elementor-widget-container\">\n\t\t\t<style>\/*! elementor - v3.7.0 - 08-08-2022 *\/\n.elementor-widget-text-editor.elementor-drop-cap-view-stacked .elementor-drop-cap{background-color:#818a91;color:#fff}.elementor-widget-text-editor.elementor-drop-cap-view-framed .elementor-drop-cap{color:#818a91;border:3px solid;background-color:transparent}.elementor-widget-text-editor:not(.elementor-drop-cap-view-default) .elementor-drop-cap{margin-top:8px}.elementor-widget-text-editor:not(.elementor-drop-cap-view-default) .elementor-drop-cap-letter{width:1em;height:1em}.elementor-widget-text-editor .elementor-drop-cap{float:left;text-align:center;line-height:1;font-size:50px}.elementor-widget-text-editor .elementor-drop-cap-letter{display:inline-block}<\/style>\t\t\t\t<header class=\"bt_bb_headline bt_bb_color_scheme_7 bt_bb_dash_none bt_bb_size_normal bt_bb_align_inherit bt_bb_dash_type_none\"><h2><span class=\"bt_bb_headline_content\">Warum professionelle <\/span>Zahnaufhellung?<\/h2><\/header><div class=\"bt_bb_text\"><p>F\u00fcr diejenigen, die in sehr kurzer Zeit ein viel wei\u00dferes L\u00e4cheln anstreben, ist das Laserbleaching eines der schnellsten Aufhellungssysteme der Welt. Dabei wird ein Bleaching-Gel in h\u00f6herer Konzentration auf die Z\u00e4hne aufgetragen und mit einem hochintensiven Plasmabogenlicht aktiviert. Am Ende des Termins ist eine deutliche Ver\u00e4nderung der Zahnfarbe zu erkennen. Es ist wichtig, sich daran zu erinnern, dass der Prozess der Zahnaufhellung die Farbe der Z\u00e4hne wieder in ihren urspr\u00fcnglichen wei\u00dfen Farbton zur\u00fcckversetzt. Es f\u00e4rbt die Z\u00e4hne nicht in der Farbe Ihrer Wahl. In den meisten F\u00e4llen wird das Verfahren in 10+10+10-min\u00fctigen Intervallen angewendet, um maximale Ergebnisse zu erzielen. In Europa d\u00fcrfen Zahnkliniken ein Bleaching mit einem Gel verwenden, das maximal 6 % Wasserstoffperoxid enth\u00e4lt (gem\u00e4\u00df den Vorschriften der Europ\u00e4ischen Union), was normalerweise nur geringe Auswirkungen auf die Farbe Ihrer Z\u00e4hne hat. Die Zahnkliniken in der T\u00fcrkei verwenden ein Produkt mit 25 % \u2013 40 % f\u00fcr maximale Ergebnisse. Nat\u00fcrlich kann diese Kraft des Produkts nur von einem Zahnarzt in einer Klinik mit entsprechender Erfahrung und Technologie verabreicht werden.<\/p><h2>Wer braucht eine professionelle Zahnaufhellung?<\/h2><p>Das Vergilben der Z\u00e4hne ist nat\u00fcrlich. W\u00e4hrend einige eine leichte Verf\u00e4rbung aufweisen, sind andere mit einer starken Vergilbung konfrontiert. Dies kann auf schlechte Mundhygiene und Getr\u00e4nke zur\u00fcckzuf\u00fchren sein, die die Z\u00e4hne verf\u00e4rben. Nicht nur das, einige Menschen bekommen Z\u00e4hne, die aufgrund von Faktoren wie der Einnahme bestimmter Medikamente, Nervensch\u00e4den an den Z\u00e4hnen, Alter, Genetik und mehr gelb werden. Zahnaufhellung wird also nicht f\u00fcr jeden funktionieren, der Zahnarzt wird Ihre Situation analysieren und Ihnen helfen. Durch das Aufhellen Ihrer Z\u00e4hne erhalten Sie das perlwei\u00dfe L\u00e4cheln, das Sie sich schon immer gew\u00fcnscht haben. Fordern Sie ein kostenloses Angebot f\u00fcr eine kosteng\u00fcnstige Zahnaufhellung an.<\/p><h2>Methoden zur Zahnaufhellung?<\/h2><p>Die Zahnaufhellung mit Lasermethode, die vom Zahnarzt in der Zahnklinik angewendet wird, ist im Vergleich zu anderen Optionen eine k\u00fcrzere und effektivere Methode. In diesem Fall dauert es bis zu 1 Stunde, um das Aufhellungsgel aufzutragen und mit Laser- oder LED-Beleuchtung zu aktivieren.<\/p><p>Zahnaufhellungsgel ist so formuliert, dass es reagiert, wenn es diesem Licht ausgesetzt wird.<\/p><p>Der Vorteil der Laser-Zahnaufhellungsaktivierung gegen\u00fcber anderen Aktivierungsformen besteht darin, dass sehr schnell Ergebnisse erzielt werden. Mit anderen Worten, Sie erhalten normalerweise eine ausreichende Aufhellung in einer einzigen Sitzung, die in einer durchschnittlichen Zeit von 40 bis 60 Minuten erreicht wird.<\/p><h2>Was sind die Ursachen f\u00fcr Zahnverf\u00e4rbungen?<\/h2><p>Zahnverf\u00e4rbungen k\u00f6nnen aufgrund von l\u00e4ngerem Essenskonsum und strukturellen M\u00e4ngeln auftreten. Lebensmittel wie \u2013 Tee, Lebensmittel, Tabak und Kaffee sind die Hauptsubstanzen, die die \u00e4u\u00dfere Verf\u00e4rbung der Z\u00e4hne verursachen. Manche Menschen haben auch intrinsische Verf\u00e4rbungen, die die Z\u00e4hne von innen betreffen. Dazu geh\u00f6ren \u2013 Zahninfektionen, Kinderkrankheiten, Traumata und Alterung. Diese Verf\u00e4rbung ist nicht leicht durch B\u00fcrsten zu entfernen; es muss klinischen Verfahren wie Zahnaufhellung unterzogen werden.<\/p><h2>M\u00f6gliche Risiken und Komplikationen der Zahnaufhellung?<\/h2><p>Insgesamt ist der Zahnaufhellungsprozess ziemlich einfach und risikofrei. Es kann einige vor\u00fcbergehende Nebenwirkungen geben, aber sie sind h\u00e4ufig und halten nicht lange an. Weitere potenzielle Risiken und Komplikationen von Zahnaufhellungsverfahren sind unten aufgef\u00fchrt.<\/p><h2>Zahnfleischreizung:<\/h2><p>Bei der Laser-Zahnaufhellung verwenden die Kliniken in der T\u00fcrkei Lichtbleichen, um die Z\u00e4hne aufzuhellen. Dennoch k\u00f6nnen einige Patienten Zahnfleischreizungen versp\u00fcren. Die Reizung kann nach einiger Zeit verschwinden; Andernfalls verschreibt Ihnen der Zahnarzt Medikamente.<\/p><h2>\u00dcberempfindlichkeit:<\/h2><p>Einige Patienten haben nach der Behandlung eine erh\u00f6hte Empfindlichkeit. Die Z\u00e4hne k\u00f6nnen empfindlich auf hei\u00dfe und kalte Getr\u00e4nke reagieren. Auch das verschwindet nach ein paar Tagen.<\/p><\/div>\t\t\t\t\t\t<\/div>\n\t\t\t\t<\/div>\n\t\t\t\t\t<\/div>\n\t\t<\/div>\n\t\t\t\t\t\t\t<\/div>\n\t\t<\/section>\n\t\t\t\t\t<\/div>\n\t\t<\/div>\n\t\t\t\t\t\t\t<\/div>\n\t\t<\/section>\n\t\t\t\t\t\t\t<\/div>","protected":false},"excerpt":{"rendered":"<p>Zahnaufhellung Home DIENSTLEISTUNGEN Zahnimplantat Krone aus Zirkonium Laminat Furnier E-Max Hollywood-L\u00e4cheln Smile Makeover Zahnaufhellung Alles Auf 4 Zahnaufhellung Warum professionelle Zahnaufhellung? F\u00fcr diejenigen, die in sehr kurzer Zeit ein viel wei\u00dferes L\u00e4cheln anstreben, ist das Laserbleaching eines der schnellsten Aufhellungssysteme der Welt. Dabei wird ein Bleaching-Gel in h\u00f6herer Konzentration auf die Z\u00e4hne aufgetragen und mit [&hellip;]<\/p>","protected":false},"author":1,"featured_media":0,"parent":1535,"menu_order":0,"comment_status":"closed","ping_status":"closed","template":"","meta":{"footnotes":""},"class_list":["post-1547","page","type-page","status-publish","hentry"],"aioseo_notices":[],"_links":{"self":[{"href":"https:\/\/dentblueinternational.com\/de\/wp-json\/wp\/v2\/pages\/1547","targetHints":{"allow":["GET"]}}],"collection":[{"href":"https:\/\/dentblueinternational.com\/de\/wp-json\/wp\/v2\/pages"}],"about":[{"href":"https:\/\/dentblueinternational.com\/de\/wp-json\/wp\/v2\/types\/page"}],"author":[{"embeddable":true,"href":"https:\/\/dentblueinternational.com\/de\/wp-json\/wp\/v2\/users\/1"}],"replies":[{"embeddable":true,"href":"https:\/\/dentblueinternational.com\/de\/wp-json\/wp\/v2\/comments?post=1547"}],"version-history":[{"count":3,"href":"https:\/\/dentblueinternational.com\/de\/wp-json\/wp\/v2\/pages\/1547\/revisions"}],"predecessor-version":[{"id":2632,"href":"https:\/\/dentblueinternational.com\/de\/wp-json\/wp\/v2\/pages\/1547\/revisions\/2632"}],"up":[{"embeddable":true,"href":"https:\/\/dentblueinternational.com\/de\/wp-json\/wp\/v2\/pages\/1535"}],"wp:attachment":[{"href":"https:\/\/dentblueinternational.com\/de\/wp-json\/wp\/v2\/media?parent=1547"}],"curies":[{"name":"wp","href":"https:\/\/api.w.org\/{rel}","templated":true}]}}