{"id":271,"date":"2021-09-03T10:57:55","date_gmt":"2021-09-03T10:57:55","guid":{"rendered":"https:\/\/itbusiness.liquid-themes.com\/elementor\/?page_id=271"},"modified":"2022-11-29T10:56:05","modified_gmt":"2022-11-29T07:56:05","slug":"zahnimplantat","status":"publish","type":"page","link":"https:\/\/dentblueinternational.com\/de\/dienstleistungen\/zahnimplantat","title":{"rendered":"Zahnimplantat"},"content":{"rendered":"<div data-elementor-type=\"wp-page\" data-elementor-id=\"271\" class=\"elementor elementor-271\">\n\t\t\t\t\t\t\t\t\t<section class=\"elementor-section elementor-top-section elementor-element elementor-element-3e4879f elementor-section-boxed elementor-section-height-default elementor-section-height-default\" data-id=\"3e4879f\" data-element_type=\"section\" data-settings=\"{&quot;background_background&quot;:&quot;classic&quot;}\">\n\t\t\t\t\t\t<div class=\"elementor-container elementor-column-gap-default\">\n\t\t\t\t\t<div class=\"elementor-column elementor-col-100 elementor-top-column elementor-element elementor-element-8d2a560\" data-id=\"8d2a560\" data-element_type=\"column\">\n\t\t\t<div class=\"elementor-widget-wrap elementor-element-populated\">\n\t\t\t\t\t\t\t\t<section class=\"elementor-section elementor-inner-section elementor-element elementor-element-7013c2e elementor-section-boxed elementor-section-height-default elementor-section-height-default\" data-id=\"7013c2e\" data-element_type=\"section\">\n\t\t\t\t\t\t<div class=\"elementor-container elementor-column-gap-default\">\n\t\t\t\t\t<div class=\"elementor-column elementor-col-50 elementor-inner-column elementor-element elementor-element-87ec41c\" data-id=\"87ec41c\" data-element_type=\"column\">\n\t\t\t<div class=\"elementor-widget-wrap elementor-element-populated\">\n\t\t\t\t\t\t\t\t<div class=\"elementor-element elementor-element-92fc94c elementor-widget elementor-widget-hub_fancy_heading\" data-id=\"92fc94c\" data-element_type=\"widget\" data-widget_type=\"hub_fancy_heading.default\">\n\t\t\t\t<div class=\"elementor-widget-container\">\n\t\t\t\n\t\t<div id=\"ld-fancy-heading-69dc39b883d8b\" class=\"ld-fancy-heading pos-rel\">\n\t\t\t<h1 class=\"ld-fh-element d-inline-block pos-rel elementor-heading-title lqd-highlight-classic lqd-highlight-grow-left h1\"  > Zahnimplantat<\/h1>\t\t<\/div>\n\n\t\t\t\t<\/div>\n\t\t\t\t<\/div>\n\t\t\t\t<div class=\"elementor-element elementor-element-c910251 elementor-widget elementor-widget-ld_breadcrumb\" data-id=\"c910251\" data-element_type=\"widget\" data-widget_type=\"ld_breadcrumb.default\">\n\t\t\t\t<div class=\"elementor-widget-container\">\n\t\t\t<div class=\"lqd-breadcrumb-wrapper\"><nav role=\"navigation\" aria-label=\"Breadcrumbs\" class=\"breadcrumbs\"><ol class=\"breadcrumb reset-ul inline-nav inline-ul comma-sep-li\"><li class=\"breadcrumb-item active\"><a href=\"https:\/\/dentblueinternational.com\/de\" rel=\"home\"><span>Home<\/span><\/a><\/li><\/ol><\/nav><\/div>\t\t<\/div>\n\t\t\t\t<\/div>\n\t\t\t\t\t<\/div>\n\t\t<\/div>\n\t\t\t\t<div class=\"elementor-column elementor-col-50 elementor-inner-column elementor-element elementor-element-ea72417\" data-id=\"ea72417\" data-element_type=\"column\">\n\t\t\t<div class=\"elementor-widget-wrap\">\n\t\t\t\t\t\t\t\t\t<\/div>\n\t\t<\/div>\n\t\t\t\t\t\t\t<\/div>\n\t\t<\/section>\n\t\t\t\t\t<\/div>\n\t\t<\/div>\n\t\t\t\t\t\t\t<\/div>\n\t\t<\/section>\n\t\t\t\t<section class=\"elementor-section elementor-top-section elementor-element elementor-element-bf19241 elementor-section-boxed elementor-section-height-default elementor-section-height-default\" data-id=\"bf19241\" data-element_type=\"section\">\n\t\t\t\t\t\t<div class=\"elementor-container elementor-column-gap-default\">\n\t\t\t\t\t<div class=\"lqd-css-sticky-column elementor-column elementor-col-50 elementor-top-column elementor-element elementor-element-a02b78d elementor-hidden-mobile\" style=\"--lqd-sticky-offset:30px\" data-id=\"a02b78d\" data-element_type=\"column\">\n\t\t\t<div class=\"elementor-widget-wrap elementor-element-populated\">\n\t\t\t\t\t\t\t\t<div class=\"elementor-element elementor-element-df93dcf elementor-widget elementor-widget-hub_fancy_heading\" data-id=\"df93dcf\" data-element_type=\"widget\" data-widget_type=\"hub_fancy_heading.default\">\n\t\t\t\t<div class=\"elementor-widget-container\">\n\t\t\t\n\t\t<div id=\"ld-fancy-heading-69dc39b8872ee\" class=\"ld-fancy-heading pos-rel\">\n\t\t\t<h6 class=\"ld-fh-element d-inline-block pos-rel elementor-heading-title lqd-highlight-classic lqd-highlight-grow-left h6\"  > DIENSTLEISTUNGEN<\/h6>\t\t<\/div>\n\n\t\t\t\t<\/div>\n\t\t\t\t<\/div>\n\t\t\t\t<div class=\"elementor-element elementor-element-7c1d674 elementor-widget elementor-widget-ld_custom_menu\" data-id=\"7c1d674\" data-element_type=\"widget\" data-widget_type=\"ld_custom_menu.default\">\n\t\t\t\t<div class=\"elementor-widget-container\">\n\t\t\t\n\t\t\t<div  \n\t\t\t\tclass=\"lqd-fancy-menu lqd-custom-menu pos-rel lqd-menu-td-none\"\n\t\t\t\t\t\t\t>\n\t\t\t\n\t\t\t\t\t\t\t<ul class=\"reset-ul\" id=\"7c1d674\"  data-localscroll=\"true\" data-localscroll-options=\"{&quot;itemsSelector&quot;:&quot;&gt; li &gt; a&quot;,&quot;trackWindowScroll&quot;:true,&quot;includeParentAsOffset&quot;:false,&quot;offsetElements&quot;:&quot;[data-sticky-header] .lqd-head-sec-wrap:not(.lqd-hide-onstuck), #wpadminbar, body.elementor-page .main-header[data-sticky-header] &gt; .elementor &gt; .elementor-section-wrap &gt; .elementor-section:not(.lqd-hide-onstuck):not(.lqd-stickybar-wrap), body.elementor-page .main-header[data-sticky-header] &gt; .elementor &gt; .elementor-section:not(.lqd-hide-onstuck):not(.lqd-stickybar-wrap)&quot;}\">\n\t\t\t\t\n\t\t\t\t\t\t<li>\n\t\t\t\t\t\t\t<a  href=\"https:\/\/dentblueinternational.com\/de\/dienstleistungen\/zahnimplantat\" target=\"_self\" > \n\n\t\t\t\t\t\t\t\t\t\t\t\t\t\t\t\t\t<span class=\"link-icon d-inline-flex hide-if-empty right-icon icon-next-to-label\"><i aria-hidden=\"true\" class=\"lqd-icn-ess icon-ion-ios-arrow-forward\"><\/i><\/span>\t\n\t\t\t\t\t\t\t\t\n\t\t\t\t\t\t\t\tZahnimplantat  \n\t\t\t\t\t\t\t\t\t\t\t\t\t\t\t<\/a>\n\t\t\t\t\t\t\t\t\t\t\t\t\t<\/li>\n\n\t\t\t\t\t\t\n\t\t\t\t\t\t<li>\n\t\t\t\t\t\t\t<a  href=\"https:\/\/dentblueinternational.com\/de\/dienstleistungen\/krone-aus-zirkonium\" target=\"_self\" > \n\n\t\t\t\t\t\t\t\t\t\t\t\t\t\t\t\t\t<span class=\"link-icon d-inline-flex hide-if-empty right-icon icon-next-to-label\"><i aria-hidden=\"true\" class=\"lqd-icn-ess icon-ion-ios-arrow-forward\"><\/i><\/span>\t\n\t\t\t\t\t\t\t\t\n\t\t\t\t\t\t\t\tKrone aus Zirkonium  \n\t\t\t\t\t\t\t\t\t\t\t\t\t\t\t<\/a>\n\t\t\t\t\t\t\t\t\t\t\t\t\t<\/li>\n\n\t\t\t\t\t\t\n\t\t\t\t\t\t<li>\n\t\t\t\t\t\t\t<a  href=\"https:\/\/dentblueinternational.com\/de\/dienstleistungen\/laminat-furnier\" target=\"_self\" > \n\n\t\t\t\t\t\t\t\t\t\t\t\t\t\t\t\t\t<span class=\"link-icon d-inline-flex hide-if-empty right-icon icon-next-to-label\"><i aria-hidden=\"true\" class=\"lqd-icn-ess icon-ion-ios-arrow-forward\"><\/i><\/span>\t\n\t\t\t\t\t\t\t\t\n\t\t\t\t\t\t\t\tLaminat Furnier  \n\t\t\t\t\t\t\t\t\t\t\t\t\t\t\t<\/a>\n\t\t\t\t\t\t\t\t\t\t\t\t\t<\/li>\n\n\t\t\t\t\t\t\n\t\t\t\t\t\t<li>\n\t\t\t\t\t\t\t<a  href=\"https:\/\/dentblueinternational.com\/de\/dienstleistungen\/e-max\" target=\"_self\" > \n\n\t\t\t\t\t\t\t\t\t\t\t\t\t\t\t\t\t<span class=\"link-icon d-inline-flex hide-if-empty right-icon icon-next-to-label\"><i aria-hidden=\"true\" class=\"lqd-icn-ess icon-ion-ios-arrow-forward\"><\/i><\/span>\t\n\t\t\t\t\t\t\t\t\n\t\t\t\t\t\t\t\tE-Max  \n\t\t\t\t\t\t\t\t\t\t\t\t\t\t\t<\/a>\n\t\t\t\t\t\t\t\t\t\t\t\t\t<\/li>\n\n\t\t\t\t\t\t\n\t\t\t\t\t\t<li>\n\t\t\t\t\t\t\t<a  href=\"https:\/\/dentblueinternational.com\/de\/dienstleistungen\/hollywood-lacheln\" target=\"_self\" > \n\n\t\t\t\t\t\t\t\t\t\t\t\t\t\t\t\t\t<span class=\"link-icon d-inline-flex hide-if-empty right-icon icon-next-to-label\"><i aria-hidden=\"true\" class=\"lqd-icn-ess icon-ion-ios-arrow-forward\"><\/i><\/span>\t\n\t\t\t\t\t\t\t\t\n\t\t\t\t\t\t\t\tHollywood-L\u00e4cheln  \n\t\t\t\t\t\t\t\t\t\t\t\t\t\t\t<\/a>\n\t\t\t\t\t\t\t\t\t\t\t\t\t<\/li>\n\n\t\t\t\t\t\t\n\t\t\t\t\t\t<li>\n\t\t\t\t\t\t\t<a  href=\"https:\/\/dentblueinternational.com\/de\/dienstleistungen\/smile-makeover\" target=\"_self\" > \n\n\t\t\t\t\t\t\t\t\t\t\t\t\t\t\t\t\t<span class=\"link-icon d-inline-flex hide-if-empty right-icon icon-next-to-label\"><i aria-hidden=\"true\" class=\"lqd-icn-ess icon-ion-ios-arrow-forward\"><\/i><\/span>\t\n\t\t\t\t\t\t\t\t\n\t\t\t\t\t\t\t\tSmile Makeover  \n\t\t\t\t\t\t\t\t\t\t\t\t\t\t\t<\/a>\n\t\t\t\t\t\t\t\t\t\t\t\t\t<\/li>\n\n\t\t\t\t\t\t\n\t\t\t\t\t\t<li>\n\t\t\t\t\t\t\t<a  href=\"https:\/\/dentblueinternational.com\/de\/dienstleistungen\/zahnaufhellung\" target=\"_self\" > \n\n\t\t\t\t\t\t\t\t\t\t\t\t\t\t\t\t\t<span class=\"link-icon d-inline-flex hide-if-empty right-icon icon-next-to-label\"><i aria-hidden=\"true\" class=\"lqd-icn-ess icon-ion-ios-arrow-forward\"><\/i><\/span>\t\n\t\t\t\t\t\t\t\t\n\t\t\t\t\t\t\t\tZahnaufhellung  \n\t\t\t\t\t\t\t\t\t\t\t\t\t\t\t<\/a>\n\t\t\t\t\t\t\t\t\t\t\t\t\t<\/li>\n\n\t\t\t\t\t\t\n\t\t\t\t\t\t<li>\n\t\t\t\t\t\t\t<a  href=\"https:\/\/dentblueinternational.com\/de\/dienstleistungen\/alles-auf-4\" target=\"_self\" > \n\n\t\t\t\t\t\t\t\t\t\t\t\t\t\t\t\t\t<span class=\"link-icon d-inline-flex hide-if-empty right-icon icon-next-to-label\"><i aria-hidden=\"true\" class=\"lqd-icn-ess icon-ion-ios-arrow-forward\"><\/i><\/span>\t\n\t\t\t\t\t\t\t\t\n\t\t\t\t\t\t\t\tAlles Auf 4  \n\t\t\t\t\t\t\t\t\t\t\t\t\t\t\t<\/a>\n\t\t\t\t\t\t\t\t\t\t\t\t\t<\/li>\n\n\t\t\t\t\t\t\t\t\t\t<\/ul>\n\t\t\t\t\t\t\t\t\t<\/div>\n\t\t\t\t<\/div>\n\t\t\t\t<\/div>\n\t\t\t\t\t<\/div>\n\t\t<\/div>\n\t\t\t\t<div class=\"elementor-column elementor-col-50 elementor-top-column elementor-element elementor-element-15be3ae\" data-id=\"15be3ae\" data-element_type=\"column\">\n\t\t\t<div class=\"elementor-widget-wrap elementor-element-populated\">\n\t\t\t\t\t\t\t\t<section class=\"elementor-section elementor-inner-section elementor-element elementor-element-4483586 elementor-section-boxed elementor-section-height-default elementor-section-height-default\" data-id=\"4483586\" data-element_type=\"section\" id=\"id-pass-security\">\n\t\t\t\t\t\t<div class=\"elementor-container elementor-column-gap-default\">\n\t\t\t\t\t<div class=\"elementor-column elementor-col-100 elementor-inner-column elementor-element elementor-element-ccf638a\" data-id=\"ccf638a\" data-element_type=\"column\">\n\t\t\t<div class=\"elementor-widget-wrap elementor-element-populated\">\n\t\t\t\t\t\t\t\t<div class=\"elementor-element elementor-element-c58b538 elementor-widget elementor-widget-ld_content_box\" data-id=\"c58b538\" data-element_type=\"widget\" data-widget_type=\"ld_content_box.default\">\n\t\t\t\t<div class=\"elementor-widget-container\">\n\t\t\t \n\n\t\t<div class=\"lqd-fb pos-rel lqd-fb-style-1 lqd-fb-style-1-3 lqd-fb-content-overlay lqd-fb-zoom-img-onhover border-radius-4 overflow-hidden h-pt-50\"  data-inview=\"true\" >\n\t\t\t\t\t<div class=\"lqd-fb-inner lqd-overlay\">\n\n\t\t\t\t<div class=\"lqd-fb-img lqd-overlay overflow-hidden\">\n\n\t\t\t\t\t<figure class=\"w-100 h-100\">\n\t\t\t\t\t\t<img decoding=\"async\" class=\"w-100 h-100 objfit-cover objpos-center\" src=\"https:\/\/dentblueinternational.com\/wp-content\/uploads\/2022\/08\/dental-implant-1.jpg\">\t\t\t\t\t<\/figure>\n\n\t\t\t\t<\/div>\n\n\t\t\t\t<div class=\"lqd-fb-content lqd-overlay d-flex align-items-end\">\n\t\t\t\t\t<div class=\"lqd-fb-bg lqd-overlay\"><\/div>\n\t\t\t\t\t<div class=\"lqd-fb-hover-overlay lqd-overlay\"><\/div>\n\t\t\t\t\t<div class=\"lqd-fb-content-inner d-flex flex-column justify-content-end pos-rel h-100 w-100 p-4\">\n\t\t\t\t\t\t\n\t\t\t\t\t\t\t\t\t\t\t\t\n\t\t\t\t\t\t<div class=\"lqd-fb-content-bottom\">\n\t\t\t\t\t\t\t\n\t\t\t\t\t\t\t\t\t\t\t\t\t\t\n\t\t\t\t\t\t\t\n\t\t\t\t\t\t\t\n\t\t\t\t\t\t<\/div>\n\n\t\t\t\t\t\t\t\t\t\t\t\t\n\t\t\t\t\t<\/div>\n\t\t\t\t<\/div>\n\n\t\t\t\t<\/div>\n\t\t\t \n\t\t<\/div>\n\t\t\t\t<\/div>\n\t\t\t\t<\/div>\n\t\t\t\t<div class=\"elementor-element elementor-element-7d86ff1 elementor-widget elementor-widget-hub_fancy_heading\" data-id=\"7d86ff1\" data-element_type=\"widget\" data-widget_type=\"hub_fancy_heading.default\">\n\t\t\t\t<div class=\"elementor-widget-container\">\n\t\t\t\n\t\t<div id=\"ld-fancy-heading-69dc39b891895\" class=\"ld-fancy-heading pos-rel\">\n\t\t\t<h1 class=\"ld-fh-element d-inline-block pos-rel elementor-heading-title lqd-highlight-classic lqd-highlight-grow-left h1\"  > Zahn\u0131mplantat<\/h1>\t\t<\/div>\n\n\t\t\t\t<\/div>\n\t\t\t\t<\/div>\n\t\t\t\t<div class=\"elementor-element elementor-element-01b7d80 elementor-widget elementor-widget-text-editor\" data-id=\"01b7d80\" data-element_type=\"widget\" data-widget_type=\"text-editor.default\">\n\t\t\t\t<div class=\"elementor-widget-container\">\n\t\t\t<style>\/*! elementor - v3.7.0 - 08-08-2022 *\/\n.elementor-widget-text-editor.elementor-drop-cap-view-stacked .elementor-drop-cap{background-color:#818a91;color:#fff}.elementor-widget-text-editor.elementor-drop-cap-view-framed .elementor-drop-cap{color:#818a91;border:3px solid;background-color:transparent}.elementor-widget-text-editor:not(.elementor-drop-cap-view-default) .elementor-drop-cap{margin-top:8px}.elementor-widget-text-editor:not(.elementor-drop-cap-view-default) .elementor-drop-cap-letter{width:1em;height:1em}.elementor-widget-text-editor .elementor-drop-cap{float:left;text-align:center;line-height:1;font-size:50px}.elementor-widget-text-editor .elementor-drop-cap-letter{display:inline-block}<\/style>\t\t\t\t<div class=\"bt_bb_text\"><p>Es handelt sich um ein Titanschraubensystem, das zur Herstellung von Prothesen und Kronen bei Implantatdefekten verwendet wird. Im Kieferknochen eingesetzte Zahnimplantate wirken wie eine Zahnwurzel. Bei Einzelzahndefekten ist es m\u00f6glich, den fehlenden Zahn zu erg\u00e4nzen, ohne die angrenzenden gesunden Z\u00e4hne zu ber\u00fchren, und bei mehreren Zahndefekten mit Zahnimplantaten ist es m\u00f6glich, festsitzenden Zahnersatz anstelle von herausnehmbarem Zahnersatz zu verwenden.<\/p><h2>In welchen Situationen werden Implantate bevorzugt?<\/h2><p>Z\u00e4hne, die w\u00e4hrend des menschlichen Lebens im Mund sein sollten; Es kann aufgrund von Karies oder Zahnfleischerkrankungen aufgrund unzureichender Pflege, genetischer Faktoren verloren gehen. Als Folge dieser Verluste entstehen L\u00f6cher im Mund und St\u00f6rungen der Kaufunktion. W\u00e4hrend herausnehmbare Prothesen in gewissem Ma\u00dfe ein Kauverhalten bieten, verursachen sie Unbehagen und \u00e4sthetische Probleme, wenn sie verwendet werden. Br\u00fcckensysteme hingegen sch\u00e4digen die angrenzenden gesunden Z\u00e4hne. Aufgrund dieser negativen Gr\u00fcnde ersetzen die Implantatsysteme die verlorenen Z\u00e4hne. Wenn ein Zahn fehlt, ist es m\u00f6glich, den fehlenden Zahn zu vervollst\u00e4ndigen, ohne die benachbarten gesunden Z\u00e4hne zu ber\u00fchren. Dank Zahnimplantaten ist es m\u00f6glich, bei mehreren Zahndefekten anstelle von herausnehmbarem Zahnersatz festsitzenden Zahnersatz zu verwenden.<\/p><h2>Sind Zahnimplantate f\u00fcr jeden Patienten geeignet?<\/h2><p>Die Bestimmung der Knochenfitness erfolgt durch einen Kieferchirurgen mittels 3D-Tomographie. Andernfalls k\u00f6nnen zukunftsweisende Probleme bei Diagnosen mit klassischem R\u00f6ntgen auftreten.<br \/>Die Patienten sollten diejenigen meiden, die eine schwere systemische Erkrankung haben und die in der letzten Zeit eine Strahlentherapie oder Chemotherapie erhalten haben.<br \/>Es kann bei Heilungsprozessen bei Diabetikern variieren. Wenn die Krankheit jedoch unter Kontrolle ist, kann das Implantat bei jedem angewendet werden. Wenn bei der Untersuchung nicht gen\u00fcgend Knochen festgestellt wird, k\u00f6nnen Implantate gesetzt werden, nachdem das Knochenniveau mit zus\u00e4tzlichen Verfahren erstellt wurde.<br \/>Bei Patienten mit hochgradigem Diabetes und k\u00fcrzlich aufgetretener Herzerkrankung wird eine schriftliche Zustimmung ihres Arztes eingeholt. Wenn die Krankheit unter Kontrolle ist, kann das Implantat bei jedem angewendet werden.<\/p><h2>Wie lange werden diese Prozesse dauern?<\/h2><p>F\u00fcr einen erfahrenen Chirurgen betr\u00e4gt die durchschnittliche Bearbeitungszeit f\u00fcr 1 Implantat 15-20 Minuten. Danach gibt es Wartezeiten f\u00fcr die Fortsetzung der Behandlung. Es wird erwartet, dass die Implantate in durchschnittlich 3 Monaten im Oberkiefer und 3 Monaten im Unterkiefer mit dem Knochen verwachsen und Kronen darauf hergestellt werden. Werden bei d\u00fcnnem oder unzureichendem Knochen weitere Eingriffe durchgef\u00fchrt (Knochenaufbau, Sinuslift etc.), kann die Wartezeit auf 6 Monate verl\u00e4ngert werden. Das Vorliegen verschiedener, von Patient zu Patient unterschiedlicher Stoffwechselerkrankungen kann zu Ver\u00e4nderungen in diesen Zeitr\u00e4umen f\u00fchren.<\/p><h2>Wie werden die chirurgischen Prozesse von Zahnimplantaten durchgef\u00fchrt?<\/h2><p>Diese Operationen, die unter \u00f6rtlicher Bet\u00e4ubung durchgef\u00fchrt werden (z. B. F\u00fcllungen, Wurzelkanalbehandlungen und Zahnextraktionen), sind nur durch die Bet\u00e4ubung des Bereichs, in dem das Zahnimplantat gesetzt wird, schmerzfrei.<br \/>Nicht jeder fehlende Zahn muss implantiert werden. Bei vollst\u00e4ndiger Zahnlosigkeit ist es im Allgemeinen vorzuziehen, 6-8 Implantate im Oberkiefer und 6-8 Implantate im Unterkiefer zu setzen.<br \/>Der Heilungsprozess wird durch die Einnahme der verschriebenen Medikamente vor\/nach der Operation, die Verwendung von antiseptischen Mundsp\u00fclungen nach der Operation und die richtige Mundpflege \u00fcberwunden. Patienten, die blutverd\u00fcnnende Medikamente usw. einnehmen, sollten unbedingt vor dem Eingriff ihren Zahnarzt \u00fcber diese Bedingungen informieren.<br \/>Nach dem Eingriff ist mit leichten Schwellungen oder Farbver\u00e4nderungen an der Wange zu rechnen, die \u00d6deme klingen aber durch das Anlegen von K\u00e4ltepads in den ersten 24 Stunden schnell ab. Starke Schmerzen sind nicht zu sehen.<\/p><h2>Was ist Sinuslifting?<\/h2><p>Der Sinuslift ist eine spezielle Form der Oralchirurgie. Es wird empfohlen, wenn der Knochen des Patienten nicht f\u00fcr eine Implantation geeignet ist. In diesem Fall wird eine Knochentransplantation empfohlen. Der Sinuslift ist ein Spezialfall des Knochenaufbaus. Oralchirurgen verwenden Knochenersatzmaterialien, um die H\u00f6he des Oberkiefers zu erh\u00f6hen. Dies kann erforderlich sein, wenn der obere Schleifkiefer nicht breit genug ist, um die Implantate aufzunehmen.<\/p><p>Es kann vorkommen, dass der Bereich des fehlenden Zahns an der Stelle der kleinen und gro\u00dfen Schleifstelle nicht behandelt wurde. Dies kann leicht zu Osteoporose f\u00fchren, platzen, was zu einer Senkung der Nasennebenh\u00f6hlen f\u00fchrt.<\/p><p>Daher ist es bei der Implantation besonders wichtig, den Knochen in der richtigen H\u00f6he und im richtigen Zustand zu haben, um die \u00d6ffnung der Nebenh\u00f6hlen w\u00e4hrend der oralen Chirurgie zu verhindern. Um solche Komplikationen zu vermeiden, ist diese Art der oralen Chirurgie heute ein Routineeingriff. Es wird in 2 Methoden hergestellt, offen und geschlossen.<\/p><h2>Wie werden Sinuslift-Operationen durchgef\u00fchrt?<\/h2><p>Dabei werden zwei Arten unterschieden: der geschlossene oder der offene Sinuslift. Sie m\u00fcssen sich keine Sorgen machen, da die \u00f6rtliche Bet\u00e4ubung den Eingriff schmerzfrei macht.<br \/>Geschlossener Sinuslift oder krestaler Sinuslift<br \/>Diese Art des Sinuslifts wird f\u00fcr weniger Knochenverlust empfohlen. Knochentransplantatmaterial wird in die Nebenh\u00f6hle und ihre Durchg\u00e4nge durch die Stelle des geplanten Implantats eingef\u00fchrt. Das Knochenersatzmaterial wird mit der Zeit in ein knochen\u00e4hnliches Hartmaterial eingebaut und dort entfaltet. So kann es sicher implantiert werden.<br \/>Offener Sinuslift oder lateraler Sinuslift<br \/>Dieser Eingriff wird bei gr\u00f6\u00dferem Knochenverlust durchgef\u00fchrt. Es ist etwas komplizierter als der geschlossene Sinuslift, da der Knochenaufbaubereich auch gr\u00f6\u00dfer ist. Unsere Zahn\u00e4rzte \u00f6ffnen die Nebenh\u00f6hlen durch das Zahnfleisch. Platzieren Sie das Knochentransplantat dort, bis es die gew\u00fcnschte H\u00f6he erreicht hat. Sie ist mit einer speziellen Membran \u00fcberzogen, die ebenfalls die Heilung f\u00f6rdert.<\/p><h2>Was ist der Knochentransplantationsprozess?<\/h2><p>Knochentransplantate, die als Knochenpulver bezeichnet werden, werden auf verschiedene Weise gewonnen. Menschliche, tierische oder synthetisch hergestellte Transplantate werden in Form von Pulver mit kleinen Partikeln oder als Block hergestellt.<\/p><p>Knochentransplantate werden verwendet, wenn in dem Bereich, in dem Zahnimplantate hergestellt werden, unzureichender Knochen vorhanden ist, Situationen, in denen das Implantat in derselben Sitzung mit einer Zahnextraktion hergestellt werden soll, Sinusbodenliftoperationen vor der Implantation oder w\u00e4hrend einer Zahnextraktion, die dazu f\u00fchren chronische Entz\u00fcndungen und f\u00fchren dazu, dass Knochenschmelze lange im Mund bleibt. Es hilft der Region, schneller zu heilen und das Knochenvolumen zu erh\u00f6hen.<\/p><\/div>\t\t\t\t\t\t<\/div>\n\t\t\t\t<\/div>\n\t\t\t\t\t<\/div>\n\t\t<\/div>\n\t\t\t\t\t\t\t<\/div>\n\t\t<\/section>\n\t\t\t\t\t<\/div>\n\t\t<\/div>\n\t\t\t\t\t\t\t<\/div>\n\t\t<\/section>\n\t\t\t\t\t\t\t<\/div>","protected":false},"excerpt":{"rendered":"<p>Zahnimplantat Home DIENSTLEISTUNGEN Zahnimplantat Krone aus Zirkonium Laminat Furnier E-Max Hollywood-L\u00e4cheln Smile Makeover Zahnaufhellung Alles Auf 4 Zahn\u0131mplantat Es handelt sich um ein Titanschraubensystem, das zur Herstellung von Prothesen und Kronen bei Implantatdefekten verwendet wird. Im Kieferknochen eingesetzte Zahnimplantate wirken wie eine Zahnwurzel. Bei Einzelzahndefekten ist es m\u00f6glich, den fehlenden Zahn zu erg\u00e4nzen, ohne die [&hellip;]<\/p>","protected":false},"author":1,"featured_media":0,"parent":1535,"menu_order":0,"comment_status":"closed","ping_status":"closed","template":"","meta":{"footnotes":""},"class_list":["post-271","page","type-page","status-publish","hentry"],"aioseo_notices":[],"_links":{"self":[{"href":"https:\/\/dentblueinternational.com\/de\/wp-json\/wp\/v2\/pages\/271","targetHints":{"allow":["GET"]}}],"collection":[{"href":"https:\/\/dentblueinternational.com\/de\/wp-json\/wp\/v2\/pages"}],"about":[{"href":"https:\/\/dentblueinternational.com\/de\/wp-json\/wp\/v2\/types\/page"}],"author":[{"embeddable":true,"href":"https:\/\/dentblueinternational.com\/de\/wp-json\/wp\/v2\/users\/1"}],"replies":[{"embeddable":true,"href":"https:\/\/dentblueinternational.com\/de\/wp-json\/wp\/v2\/comments?post=271"}],"version-history":[{"count":0,"href":"https:\/\/dentblueinternational.com\/de\/wp-json\/wp\/v2\/pages\/271\/revisions"}],"up":[{"embeddable":true,"href":"https:\/\/dentblueinternational.com\/de\/wp-json\/wp\/v2\/pages\/1535"}],"wp:attachment":[{"href":"https:\/\/dentblueinternational.com\/de\/wp-json\/wp\/v2\/media?parent=271"}],"curies":[{"name":"wp","href":"https:\/\/api.w.org\/{rel}","templated":true}]}}