{"id":256,"date":"2021-09-03T07:36:58","date_gmt":"2021-09-03T07:36:58","guid":{"rendered":"https:\/\/itbusiness.liquid-themes.com\/elementor\/?page_id=256"},"modified":"2025-08-22T13:36:21","modified_gmt":"2025-08-22T10:36:21","slug":"%d8%aa%d9%85%d8%a7%d8%b3-%d8%a8%d8%a7-%d9%85%d8%a7","status":"publish","type":"page","link":"https:\/\/dentblueinternational.com\/fa\/%d8%aa%d9%85%d8%a7%d8%b3-%d8%a8%d8%a7-%d9%85%d8%a7","title":{"rendered":"\u062a\u0645\u0627\u0633 \u0628\u0627 \u0645\u0627"},"content":{"rendered":"<div data-elementor-type=\"wp-page\" data-elementor-id=\"256\" class=\"elementor elementor-256\">\n\t\t\t\t\t\t\t\t\t<section class=\"elementor-section elementor-top-section elementor-element elementor-element-5f29783 elementor-section-boxed elementor-section-height-default elementor-section-height-default\" data-id=\"5f29783\" data-element_type=\"section\" data-settings=\"{&quot;background_background&quot;:&quot;classic&quot;}\">\n\t\t\t\t\t\t<div class=\"elementor-container elementor-column-gap-default\">\n\t\t\t\t\t<div class=\"elementor-column elementor-col-100 elementor-top-column elementor-element elementor-element-ef1c3f9\" data-id=\"ef1c3f9\" data-element_type=\"column\">\n\t\t\t<div class=\"elementor-widget-wrap elementor-element-populated\">\n\t\t\t\t\t\t\t\t<section class=\"elementor-section elementor-inner-section elementor-element elementor-element-cbd008f elementor-section-boxed elementor-section-height-default elementor-section-height-default\" data-id=\"cbd008f\" data-element_type=\"section\">\n\t\t\t\t\t\t<div class=\"elementor-container elementor-column-gap-default\">\n\t\t\t\t\t<div class=\"elementor-column elementor-col-50 elementor-inner-column elementor-element elementor-element-0a49b65\" data-id=\"0a49b65\" data-element_type=\"column\">\n\t\t\t<div class=\"elementor-widget-wrap elementor-element-populated\">\n\t\t\t\t\t\t\t\t<div class=\"elementor-element elementor-element-0b93f59 elementor-widget elementor-widget-hub_fancy_heading\" data-id=\"0b93f59\" data-element_type=\"widget\" data-widget_type=\"hub_fancy_heading.default\">\n\t\t\t\t<div class=\"elementor-widget-container\">\n\t\t\t\n\t\t<div id=\"ld-fancy-heading-69d5f5a67ffda\" class=\"ld-fancy-heading pos-rel\">\n\t\t\t<h1 class=\"ld-fh-element d-inline-block pos-rel elementor-heading-title lqd-highlight-classic lqd-highlight-grow-left h1\"  > \u062a\u0645\u0627\u0633 \u0628\u0627 \u0645\u0627<\/h1>\t\t<\/div>\n\n\t\t\t\t<\/div>\n\t\t\t\t<\/div>\n\t\t\t\t<div class=\"elementor-element elementor-element-5b1a4cb elementor-widget elementor-widget-ld_breadcrumb\" data-id=\"5b1a4cb\" data-element_type=\"widget\" data-widget_type=\"ld_breadcrumb.default\">\n\t\t\t\t<div class=\"elementor-widget-container\">\n\t\t\t<div class=\"lqd-breadcrumb-wrapper\"><nav role=\"navigation\" aria-label=\"Breadcrumbs\" class=\"breadcrumbs\"><ol class=\"breadcrumb reset-ul inline-nav inline-ul comma-sep-li\"><li class=\"breadcrumb-item active\"><a href=\"https:\/\/dentblueinternational.com\/fa\" rel=\"home\"><span>Home<\/span><\/a><\/li><\/ol><\/nav><\/div>\t\t<\/div>\n\t\t\t\t<\/div>\n\t\t\t\t\t<\/div>\n\t\t<\/div>\n\t\t\t\t<div class=\"elementor-column elementor-col-50 elementor-inner-column elementor-element elementor-element-60a9e06\" data-id=\"60a9e06\" data-element_type=\"column\">\n\t\t\t<div class=\"elementor-widget-wrap\">\n\t\t\t\t\t\t\t\t\t<\/div>\n\t\t<\/div>\n\t\t\t\t\t\t\t<\/div>\n\t\t<\/section>\n\t\t\t\t\t<\/div>\n\t\t<\/div>\n\t\t\t\t\t\t\t<\/div>\n\t\t<\/section>\n\t\t\t\t<section class=\"elementor-section elementor-top-section elementor-element elementor-element-65cc8c6 elementor-section-boxed elementor-section-height-default elementor-section-height-default\" data-id=\"65cc8c6\" data-element_type=\"section\">\n\t\t\t\t\t\t<div class=\"elementor-container elementor-column-gap-default\">\n\t\t\t\t\t<div class=\"elementor-column elementor-col-33 elementor-top-column elementor-element elementor-element-7fbab42\" data-id=\"7fbab42\" data-element_type=\"column\">\n\t\t\t<div class=\"elementor-widget-wrap elementor-element-populated\">\n\t\t\t\t\t\t\t\t<div class=\"elementor-element elementor-element-e51c92e elementor-widget elementor-widget-hub_fancy_heading\" data-id=\"e51c92e\" data-element_type=\"widget\" data-widget_type=\"hub_fancy_heading.default\">\n\t\t\t\t<div class=\"elementor-widget-container\">\n\t\t\t\n\t\t<div id=\"ld-fancy-heading-69d5f5a6833d7\" class=\"ld-fancy-heading pos-rel\">\n\t\t\t<h2 class=\"ld-fh-element d-inline-block pos-rel elementor-heading-title lqd-highlight-classic lqd-highlight-grow-left h2\"  > \u0627\u0637\u0644\u0627\u0639\u0627\u062a \u062a\u0645\u0627\u0633<\/h2>\t\t<\/div>\n\n\t\t\t\t<\/div>\n\t\t\t\t<\/div>\n\t\t\t\t<div class=\"elementor-element elementor-element-3229c7b elementor-align-right elementor-icon-list--layout-traditional elementor-list-item-link-full_width elementor-widget elementor-widget-icon-list\" data-id=\"3229c7b\" data-element_type=\"widget\" data-widget_type=\"icon-list.default\">\n\t\t\t\t<div class=\"elementor-widget-container\">\n\t\t\t<link rel=\"stylesheet\" href=\"https:\/\/dentblueinternational.com\/fa\/wp-content\/plugins\/elementor\/assets\/css\/widget-icon-list.min.css\">\t\t<ul class=\"elementor-icon-list-items\">\n\t\t\t\t\t\t\t<li class=\"elementor-icon-list-item\">\n\t\t\t\t\t\t\t\t\t\t<span class=\"elementor-icon-list-text\">Inonu Mah. Cumhuriyet Cd. No :105\/A <br>Sisli \/ Istanbul \/ TURKEY<\/span>\n\t\t\t\t\t\t\t\t\t<\/li>\n\t\t\t\t\t\t<\/ul>\n\t\t\t\t<\/div>\n\t\t\t\t<\/div>\n\t\t\t\t<div class=\"elementor-element elementor-element-b44fcbc elementor-widget elementor-widget-spacer\" data-id=\"b44fcbc\" data-element_type=\"widget\" data-widget_type=\"spacer.default\">\n\t\t\t\t<div class=\"elementor-widget-container\">\n\t\t\t<style>\/*! elementor - v3.7.0 - 08-08-2022 *\/\n.elementor-column .elementor-spacer-inner{height:var(--spacer-size)}.e-container{--container-widget-width:100%}.e-container>.elementor-widget-spacer{width:var(--container-widget-width,var(--spacer-size));-ms-flex-item-align:stretch;align-self:stretch;-ms-flex-negative:0;flex-shrink:0}.e-container>.elementor-widget-spacer>.elementor-widget-container,.e-container>.elementor-widget-spacer>.elementor-widget-container>.elementor-spacer{height:100%}.e-container>.elementor-widget-spacer>.elementor-widget-container>.elementor-spacer>.elementor-spacer-inner{height:var(--container-widget-height,var(--spacer-size))}<\/style>\t\t<div class=\"elementor-spacer\">\n\t\t\t<div class=\"elementor-spacer-inner\"><\/div>\n\t\t<\/div>\n\t\t\t\t<\/div>\n\t\t\t\t<\/div>\n\t\t\t\t<div class=\"elementor-element elementor-element-44f6e97 elementor-align-right elementor-icon-list--layout-traditional elementor-list-item-link-full_width elementor-widget elementor-widget-icon-list\" data-id=\"44f6e97\" data-element_type=\"widget\" data-widget_type=\"icon-list.default\">\n\t\t\t\t<div class=\"elementor-widget-container\">\n\t\t\t\t\t<ul class=\"elementor-icon-list-items\">\n\t\t\t\t\t\t\t<li class=\"elementor-icon-list-item\">\n\t\t\t\t\t\t\t\t\t\t\t<span class=\"elementor-icon-list-icon\">\n\t\t\t\t\t\t\t<i aria-hidden=\"true\" class=\"fas fa-phone-alt\"><\/i>\t\t\t\t\t\t<\/span>\n\t\t\t\t\t\t\t\t\t\t<span class=\"elementor-icon-list-text\">+90 533 978 04 63<\/span>\n\t\t\t\t\t\t\t\t\t<\/li>\n\t\t\t\t\t\t\t\t<li class=\"elementor-icon-list-item\">\n\t\t\t\t\t\t\t\t\t\t\t<span class=\"elementor-icon-list-icon\">\n\t\t\t\t\t\t\t<i aria-hidden=\"true\" class=\"fas fa-phone-alt\"><\/i>\t\t\t\t\t\t<\/span>\n\t\t\t\t\t\t\t\t\t\t<span class=\"elementor-icon-list-text\">+90 530 996 92 58<\/span>\n\t\t\t\t\t\t\t\t\t<\/li>\n\t\t\t\t\t\t\t\t<li class=\"elementor-icon-list-item\">\n\t\t\t\t\t\t\t\t\t\t\t<span class=\"elementor-icon-list-icon\">\n\t\t\t\t\t\t\t<i aria-hidden=\"true\" class=\"fas fa-phone-alt\"><\/i>\t\t\t\t\t\t<\/span>\n\t\t\t\t\t\t\t\t\t\t<span class=\"elementor-icon-list-text\">+90 212 702 63 63<\/span>\n\t\t\t\t\t\t\t\t\t<\/li>\n\t\t\t\t\t\t<\/ul>\n\t\t\t\t<\/div>\n\t\t\t\t<\/div>\n\t\t\t\t<div class=\"elementor-element elementor-element-99ccb6d elementor-widget elementor-widget-spacer\" data-id=\"99ccb6d\" data-element_type=\"widget\" data-widget_type=\"spacer.default\">\n\t\t\t\t<div class=\"elementor-widget-container\">\n\t\t\t\t\t<div class=\"elementor-spacer\">\n\t\t\t<div class=\"elementor-spacer-inner\"><\/div>\n\t\t<\/div>\n\t\t\t\t<\/div>\n\t\t\t\t<\/div>\n\t\t\t\t<div class=\"elementor-element elementor-element-e03b427 elementor-align-right elementor-icon-list--layout-traditional elementor-list-item-link-full_width elementor-widget elementor-widget-icon-list\" data-id=\"e03b427\" data-element_type=\"widget\" data-widget_type=\"icon-list.default\">\n\t\t\t\t<div class=\"elementor-widget-container\">\n\t\t\t\t\t<ul class=\"elementor-icon-list-items\">\n\t\t\t\t\t\t\t<li class=\"elementor-icon-list-item\">\n\t\t\t\t\t\t\t\t\t\t\t<span class=\"elementor-icon-list-icon\">\n\t\t\t\t\t\t\t<i aria-hidden=\"true\" class=\"far fa-envelope\"><\/i>\t\t\t\t\t\t<\/span>\n\t\t\t\t\t\t\t\t\t\t<span class=\"elementor-icon-list-text\">info@dentblueinternational.com<\/span>\n\t\t\t\t\t\t\t\t\t<\/li>\n\t\t\t\t\t\t<\/ul>\n\t\t\t\t<\/div>\n\t\t\t\t<\/div>\n\t\t\t\t<div class=\"elementor-element elementor-element-1ffe491 elementor-widget elementor-widget-spacer\" data-id=\"1ffe491\" data-element_type=\"widget\" data-widget_type=\"spacer.default\">\n\t\t\t\t<div class=\"elementor-widget-container\">\n\t\t\t\t\t<div class=\"elementor-spacer\">\n\t\t\t<div class=\"elementor-spacer-inner\"><\/div>\n\t\t<\/div>\n\t\t\t\t<\/div>\n\t\t\t\t<\/div>\n\t\t\t\t<div class=\"elementor-element elementor-element-329240c elementor-widget elementor-widget-hub_fancy_heading\" data-id=\"329240c\" data-element_type=\"widget\" data-widget_type=\"hub_fancy_heading.default\">\n\t\t\t\t<div class=\"elementor-widget-container\">\n\t\t\t\n\t\t<div id=\"ld-fancy-heading-69d5f5a6882c7\" class=\"ld-fancy-heading pos-rel\">\n\t\t\t<h2 class=\"ld-fh-element d-inline-block pos-rel elementor-heading-title lqd-highlight-classic lqd-highlight-grow-left h2\"  > \u0631\u0633\u0627\u0646\u0647 \u0647\u0627\u06cc \u0627\u062c\u062a\u0645\u0627\u0639\u06cc<\/h2>\t\t<\/div>\n\n\t\t\t\t<\/div>\n\t\t\t\t<\/div>\n\t\t\t\t<div class=\"elementor-element elementor-element-00202eb elementor-align-right elementor-icon-list--layout-traditional elementor-list-item-link-full_width elementor-widget elementor-widget-icon-list\" data-id=\"00202eb\" data-element_type=\"widget\" data-widget_type=\"icon-list.default\">\n\t\t\t\t<div class=\"elementor-widget-container\">\n\t\t\t\t\t<ul class=\"elementor-icon-list-items\">\n\t\t\t\t\t\t\t<li class=\"elementor-icon-list-item\">\n\t\t\t\t\t\t\t\t\t\t\t<a href=\"https:\/\/www.instagram.com\/dentblueinternational\/\">\n\n\t\t\t\t\t\t\t\t\t\t\t\t<span class=\"elementor-icon-list-icon\">\n\t\t\t\t\t\t\t<i aria-hidden=\"true\" class=\"fab fa-instagram\"><\/i>\t\t\t\t\t\t<\/span>\n\t\t\t\t\t\t\t\t\t\t<span class=\"elementor-icon-list-text\">Instagram<\/span>\n\t\t\t\t\t\t\t\t\t\t\t<\/a>\n\t\t\t\t\t\t\t\t\t<\/li>\n\t\t\t\t\t\t\t\t<li class=\"elementor-icon-list-item\">\n\t\t\t\t\t\t\t\t\t\t\t<a href=\"https:\/\/www.facebook.com\/dentblueinternational\">\n\n\t\t\t\t\t\t\t\t\t\t\t\t<span class=\"elementor-icon-list-icon\">\n\t\t\t\t\t\t\t<i aria-hidden=\"true\" class=\"fab fa-facebook-f\"><\/i>\t\t\t\t\t\t<\/span>\n\t\t\t\t\t\t\t\t\t\t<span class=\"elementor-icon-list-text\">Facebook<\/span>\n\t\t\t\t\t\t\t\t\t\t\t<\/a>\n\t\t\t\t\t\t\t\t\t<\/li>\n\t\t\t\t\t\t\t\t<li class=\"elementor-icon-list-item\">\n\t\t\t\t\t\t\t\t\t\t\t<a href=\"https:\/\/www.youtube.com\/c\/DentBlueInternationalDentalClinic\/videos\">\n\n\t\t\t\t\t\t\t\t\t\t\t\t<span class=\"elementor-icon-list-icon\">\n\t\t\t\t\t\t\t<i aria-hidden=\"true\" class=\"fab fa-youtube\"><\/i>\t\t\t\t\t\t<\/span>\n\t\t\t\t\t\t\t\t\t\t<span class=\"elementor-icon-list-text\">Youtube<\/span>\n\t\t\t\t\t\t\t\t\t\t\t<\/a>\n\t\t\t\t\t\t\t\t\t<\/li>\n\t\t\t\t\t\t<\/ul>\n\t\t\t\t<\/div>\n\t\t\t\t<\/div>\n\t\t\t\t\t<\/div>\n\t\t<\/div>\n\t\t\t\t<div class=\"elementor-column elementor-col-33 elementor-top-column elementor-element elementor-element-2b33a96\" data-id=\"2b33a96\" data-element_type=\"column\">\n\t\t\t<div class=\"elementor-widget-wrap elementor-element-populated\">\n\t\t\t\t\t\t\t\t<div class=\"elementor-element elementor-element-508e8dd elementor-align-left elementor-icon-list--layout-traditional elementor-list-item-link-full_width elementor-widget elementor-widget-icon-list\" data-id=\"508e8dd\" data-element_type=\"widget\" data-widget_type=\"icon-list.default\">\n\t\t\t\t<div class=\"elementor-widget-container\">\n\t\t\t\t\t<ul class=\"elementor-icon-list-items\">\n\t\t\t\t\t\t\t<li class=\"elementor-icon-list-item\">\n\t\t\t\t\t\t\t\t\t\t\t<span class=\"elementor-icon-list-icon\">\n\t\t\t\t\t\t\t<i aria-hidden=\"true\" class=\"fas fa-map-marker-alt\"><\/i>\t\t\t\t\t\t<\/span>\n\t\t\t\t\t\t\t\t\t\t<span class=\"elementor-icon-list-text\"><\/span>\n\t\t\t\t\t\t\t\t\t<\/li>\n\t\t\t\t\t\t<\/ul>\n\t\t\t\t<\/div>\n\t\t\t\t<\/div>\n\t\t\t\t\t<\/div>\n\t\t<\/div>\n\t\t\t\t<div class=\"elementor-column elementor-col-33 elementor-top-column elementor-element elementor-element-2ed1cd9\" data-id=\"2ed1cd9\" data-element_type=\"column\">\n\t\t\t<div class=\"elementor-widget-wrap elementor-element-populated\">\n\t\t\t\t\t\t\t\t<div class=\"elementor-element elementor-element-b8bf349 elementor-widget elementor-widget-hub_fancy_heading\" data-id=\"b8bf349\" data-element_type=\"widget\" data-widget_type=\"hub_fancy_heading.default\">\n\t\t\t\t<div class=\"elementor-widget-container\">\n\t\t\t\n\t\t<div id=\"ld-fancy-heading-69d5f5a68b3c6\" class=\"ld-fancy-heading pos-rel\">\n\t\t\t<h2 class=\"ld-fh-element d-inline-block pos-rel elementor-heading-title lqd-highlight-classic lqd-highlight-grow-left h2\"  > \u0641\u0631\u0645 \u062a\u0645\u0627\u0633 \u0628\u0627 \u0645\u0627<\/h2>\t\t<\/div>\n\n\t\t\t\t<\/div>\n\t\t\t\t<\/div>\n\t\t\t\t<div class=\"elementor-element elementor-element-7058984 elementor-widget elementor-widget-html\" data-id=\"7058984\" data-element_type=\"widget\" data-widget_type=\"html.default\">\n\t\t\t\t<div class=\"elementor-widget-container\">\n\t\t\t<html charset=\"utf-8\">\r\n<head>\r\n    <meta http-equiv=\"content-type\" content=\"text\/html;charset=utf-8\" \/>\r\n\r\n    <style type=\"text\/css\">\r\n        .form-style-1 {\r\n            margin: 0px auto;\r\n            max-width: 100%;\r\n            padding: 0px;\r\n            font: 13px \"Lucida Sans Unicode\", \"Lucida Grande\", sans-serif;\r\n        }\r\n\r\n            .form-style-1 li {\r\n                padding: 0;\r\n                display: block;\r\n                list-style: none;\r\n                margin: 10px 0 0 0;\r\n            }\r\n\r\n            .form-style-1 label {\r\n                margin: 0 0 3px 0;\r\n                padding: 0px;\r\n                display: block;\r\n                font-weight: bold;\r\n            }\r\n\r\n            .form-style-1 input[type=\"text\"],\r\n            .form-style-1 input[type=\"date\"],\r\n            .form-style-1 input[type=\"datetime\"],\r\n            .form-style-1 input[type=\"number\"],\r\n            .form-style-1 input[type=\"search\"],\r\n            .form-style-1 input[type=\"time\"],\r\n            .form-style-1 input[type=\"url\"],\r\n            .form-style-1 input[type=\"email\"],\r\n            textarea,\r\n            select {\r\n                box-sizing: border-box;\r\n                -webkit-box-sizing: border-box;\r\n                -moz-box-sizing: border-box;\r\n                border: 1px solid #bebebe;\r\n                padding: 7px;\r\n                margin: 0px;\r\n                -webkit-transition: all 0.3s ease-in-out;\r\n                -moz-transition: all 0.3s ease-in-out;\r\n                -ms-transition: all 0.3s ease-in-out;\r\n                -o-transition: all 0.3s ease-in-out;\r\n                outline: none;\r\n            }\r\n\r\n                .form-style-1 input[type=\"text\"]:focus,\r\n                .form-style-1 input[type=\"date\"]:focus,\r\n                .form-style-1 input[type=\"datetime\"]:focus,\r\n                .form-style-1 input[type=\"number\"]:focus,\r\n                .form-style-1 input[type=\"search\"]:focus,\r\n                .form-style-1 input[type=\"time\"]:focus,\r\n                .form-style-1 input[type=\"url\"]:focus,\r\n                .form-style-1 input[type=\"email\"]:focus,\r\n                .form-style-1 textarea:focus,\r\n                .form-style-1 select:focus {\r\n                    -moz-box-shadow: 0 0 8px #88d5e9;\r\n                    -webkit-box-shadow: 0 0 8px #88d5e9;\r\n                    box-shadow: 0 0 8px #88d5e9;\r\n                    border: 1px solid #88d5e9;\r\n                }\r\n\r\n            .form-style-1 .field-divided {\r\n                width: 49%;\r\n            }\r\n\r\n            .form-style-1 .field-long {\r\n                width: 100%;\r\n            }\r\n\r\n            .form-style-1 .field-select {\r\n                width: 100%;\r\n            }\r\n\r\n            .form-style-1 .field-textarea {\r\n                height: 100px;\r\n            }\r\n\r\n            .form-style-1 input[type=\"submit\"],\r\n            .form-style-1 input[type=\"button\"] {\r\n                background: #4b99ad;\r\n                padding: 8px 15px 8px 15px;\r\n                border: none;\r\n                color: #fff;\r\n            }\r\n\r\n                .form-style-1 input[type=\"submit\"]:hover,\r\n                .form-style-1 input[type=\"button\"]:hover {\r\n                    background: #4691a4;\r\n                    box-shadow: none;\r\n                    -moz-box-shadow: none;\r\n                    -webkit-box-shadow: none;\r\n                }\r\n\r\n            .form-style-1 .required {\r\n                color: red;\r\n            }\r\n    <\/style>\r\n<\/head>\r\n<body>\r\n    <!-- You can customize form design or attributes as you wish. Pleae don't change input's names or form post method and encytype. -->\r\n    <!-- Input'lar\u0131n name'leri ve formun method action ve encytype'\u0131 de\u011fi\u015fmeyecek \u015fekilde istedi\u011finiz de\u011fi\u015fikli\u011fi html & css olarak formda uygulayabilirsiniz. -->\r\n\r\n    <form method=\"post\" action=\"https:\/\/dentblue.stellamedi.com\/api\/websiteIntegration\/newForm\" enctype=\"multipart\/form-data\">\r\n\r\n        <input type=\"hidden\" name=\"accessToken\" value=\"a659858e-b221-47b4-9218-4fc78fae8da0\" \/>\r\n        <input type=\"hidden\" name=\"tid\" value=\"244\" \/>\r\n\r\n        <!-- You can use file upload section \/ \u0130sterseniz dosya g\u00f6nderebilirsiniz -->\r\n        <!-- <input type=\"file\" \/> -->\r\n\r\n\r\n        <!-- You can set a return url in the system for auto-redirection after submitting. \/ Formun belirtilen adrese y\u00f6nlendirilmesi i\u00e7in sistemin ayarlar b\u00f6l\u00fcm\u00fcnden d\u00fczenleme yapabilirsiniz. -->\r\n\r\n        <ul class=\"form-style-1\">\r\n            <li>\r\n                <input type=\"text\" placeholder=\"Name\" name=\"leadName\" class=\"field-long\" \/>\r\n            <\/li>\r\n\r\n            <li>\r\n                <input type=\"text\" placeholder=\"Phone\" name=\"leadPhone\" class=\"field-long\" \/>\r\n            <\/li>\r\n\r\n            <li>\r\n                <input type=\"text\" placeholder=\"E-Mail\" name=\"leadMail\" class=\"field-long\" \/>\r\n            <\/li>\r\n\r\n            <li>\r\n                <input type=\"text\" placeholder=\"Subject\" name=\"Subject\" id=\"Subject\" class=\"field-long\" \/>\r\n            <\/li>\r\n\r\n            <li>\r\n                <textarea name=\"Message\" placeholder=\"Message\" id=\"Message\" class=\"field-long field-textarea\"><\/textarea>\r\n            <\/li>\r\n\r\n            <li>\r\n                <button type=\"submit\" class=\"field-long\">Submit<\/button>\r\n            <\/li>\r\n        <\/ul>\r\n    <\/form>\r\n<\/body>\r\n<\/html>\r\n\t\t<\/div>\n\t\t\t\t<\/div>\n\t\t\t\t\t<\/div>\n\t\t<\/div>\n\t\t\t\t\t\t\t<\/div>\n\t\t<\/section>\n\t\t\t\t\t\t\t<\/div>","protected":false},"excerpt":{"rendered":"<p>\u062a\u0645\u0627\u0633 \u0628\u0627 \u0645\u0627 Home \u0627\u0637\u0644\u0627\u0639\u0627\u062a \u062a\u0645\u0627\u0633 Inonu Mah. Cumhuriyet Cd. No :105\/A Sisli \/ Istanbul \/ TURKEY +90 533 978 04 63 +90 530 996 92 58 +90 212 702 63 63 info@dentblueinternational.com \u0631\u0633\u0627\u0646\u0647 \u0647\u0627\u06cc \u0627\u062c\u062a\u0645\u0627\u0639\u06cc Instagram Facebook Youtube \u0641\u0631\u0645 \u062a\u0645\u0627\u0633 \u0628\u0627 \u0645\u0627 Submit<\/p>","protected":false},"author":1,"featured_media":0,"parent":0,"menu_order":0,"comment_status":"closed","ping_status":"closed","template":"","meta":{"footnotes":""},"class_list":["post-256","page","type-page","status-publish","hentry"],"aioseo_notices":[],"_links":{"self":[{"href":"https:\/\/dentblueinternational.com\/fa\/wp-json\/wp\/v2\/pages\/256","targetHints":{"allow":["GET"]}}],"collection":[{"href":"https:\/\/dentblueinternational.com\/fa\/wp-json\/wp\/v2\/pages"}],"about":[{"href":"https:\/\/dentblueinternational.com\/fa\/wp-json\/wp\/v2\/types\/page"}],"author":[{"embeddable":true,"href":"https:\/\/dentblueinternational.com\/fa\/wp-json\/wp\/v2\/users\/1"}],"replies":[{"embeddable":true,"href":"https:\/\/dentblueinternational.com\/fa\/wp-json\/wp\/v2\/comments?post=256"}],"version-history":[{"count":3,"href":"https:\/\/dentblueinternational.com\/fa\/wp-json\/wp\/v2\/pages\/256\/revisions"}],"predecessor-version":[{"id":2902,"href":"https:\/\/dentblueinternational.com\/fa\/wp-json\/wp\/v2\/pages\/256\/revisions\/2902"}],"wp:attachment":[{"href":"https:\/\/dentblueinternational.com\/fa\/wp-json\/wp\/v2\/media?parent=256"}],"curies":[{"name":"wp","href":"https:\/\/api.w.org\/{rel}","templated":true}]}}