{"id":1546,"date":"2022-08-15T22:37:32","date_gmt":"2022-08-15T19:37:32","guid":{"rendered":"https:\/\/dentblueinternational.com\/fr\/?page_id=1546"},"modified":"2022-11-09T16:01:42","modified_gmt":"2022-11-09T13:01:42","slug":"relooking-du-sourire","status":"publish","type":"page","link":"https:\/\/dentblueinternational.com\/fr\/prestations-de-service\/relooking-du-sourire","title":{"rendered":"Relooking du Sourire"},"content":{"rendered":"<div data-elementor-type=\"wp-page\" data-elementor-id=\"1546\" class=\"elementor elementor-1546\">\n\t\t\t\t\t\t\t\t\t<section class=\"elementor-section elementor-top-section elementor-element elementor-element-3e4879f elementor-section-boxed elementor-section-height-default elementor-section-height-default\" data-id=\"3e4879f\" data-element_type=\"section\" data-settings=\"{&quot;background_background&quot;:&quot;classic&quot;}\">\n\t\t\t\t\t\t<div class=\"elementor-container elementor-column-gap-default\">\n\t\t\t\t\t<div class=\"elementor-column elementor-col-100 elementor-top-column elementor-element elementor-element-8d2a560\" data-id=\"8d2a560\" data-element_type=\"column\">\n\t\t\t<div class=\"elementor-widget-wrap elementor-element-populated\">\n\t\t\t\t\t\t\t\t<section class=\"elementor-section elementor-inner-section elementor-element elementor-element-7013c2e elementor-section-boxed elementor-section-height-default elementor-section-height-default\" data-id=\"7013c2e\" data-element_type=\"section\">\n\t\t\t\t\t\t<div class=\"elementor-container elementor-column-gap-default\">\n\t\t\t\t\t<div class=\"elementor-column elementor-col-50 elementor-inner-column elementor-element elementor-element-87ec41c\" data-id=\"87ec41c\" data-element_type=\"column\">\n\t\t\t<div class=\"elementor-widget-wrap elementor-element-populated\">\n\t\t\t\t\t\t\t\t<div class=\"elementor-element elementor-element-92fc94c elementor-widget elementor-widget-hub_fancy_heading\" data-id=\"92fc94c\" data-element_type=\"widget\" data-widget_type=\"hub_fancy_heading.default\">\n\t\t\t\t<div class=\"elementor-widget-container\">\n\t\t\t\n\t\t<div id=\"ld-fancy-heading-69e765ffd5620\" class=\"ld-fancy-heading pos-rel\">\n\t\t\t<h1 class=\"ld-fh-element d-inline-block pos-rel elementor-heading-title lqd-highlight-classic lqd-highlight-grow-left h1\"  > Relooking du Sourire<\/h1>\t\t<\/div>\n\n\t\t\t\t<\/div>\n\t\t\t\t<\/div>\n\t\t\t\t<div class=\"elementor-element elementor-element-c910251 elementor-widget elementor-widget-ld_breadcrumb\" data-id=\"c910251\" data-element_type=\"widget\" data-widget_type=\"ld_breadcrumb.default\">\n\t\t\t\t<div class=\"elementor-widget-container\">\n\t\t\t<div class=\"lqd-breadcrumb-wrapper\"><nav role=\"navigation\" aria-label=\"Breadcrumbs\" class=\"breadcrumbs\"><ol class=\"breadcrumb reset-ul inline-nav inline-ul comma-sep-li\"><li class=\"breadcrumb-item active\"><a href=\"https:\/\/dentblueinternational.com\/fr\" rel=\"home\"><span>Home<\/span><\/a><\/li><\/ol><\/nav><\/div>\t\t<\/div>\n\t\t\t\t<\/div>\n\t\t\t\t\t<\/div>\n\t\t<\/div>\n\t\t\t\t<div class=\"elementor-column elementor-col-50 elementor-inner-column elementor-element elementor-element-ea72417\" data-id=\"ea72417\" data-element_type=\"column\">\n\t\t\t<div class=\"elementor-widget-wrap\">\n\t\t\t\t\t\t\t\t\t<\/div>\n\t\t<\/div>\n\t\t\t\t\t\t\t<\/div>\n\t\t<\/section>\n\t\t\t\t\t<\/div>\n\t\t<\/div>\n\t\t\t\t\t\t\t<\/div>\n\t\t<\/section>\n\t\t\t\t<section class=\"elementor-section elementor-top-section elementor-element elementor-element-bf19241 elementor-section-boxed elementor-section-height-default elementor-section-height-default\" data-id=\"bf19241\" data-element_type=\"section\">\n\t\t\t\t\t\t<div class=\"elementor-container elementor-column-gap-default\">\n\t\t\t\t\t<div class=\"lqd-css-sticky-column elementor-column elementor-col-50 elementor-top-column elementor-element elementor-element-de2647f elementor-hidden-mobile\" style=\"--lqd-sticky-offset:30px\" data-id=\"de2647f\" data-element_type=\"column\">\n\t\t\t<div class=\"elementor-widget-wrap elementor-element-populated\">\n\t\t\t\t\t\t\t\t<div class=\"elementor-element elementor-element-378e5e8 elementor-widget elementor-widget-hub_fancy_heading\" data-id=\"378e5e8\" data-element_type=\"widget\" data-widget_type=\"hub_fancy_heading.default\">\n\t\t\t\t<div class=\"elementor-widget-container\">\n\t\t\t\n\t\t<div id=\"ld-fancy-heading-69e765ffd8e61\" class=\"ld-fancy-heading pos-rel\">\n\t\t\t<h6 class=\"ld-fh-element d-inline-block pos-rel elementor-heading-title lqd-highlight-classic lqd-highlight-grow-left h6\"  > PRESTATIONS DE SERVICE<\/h6>\t\t<\/div>\n\n\t\t\t\t<\/div>\n\t\t\t\t<\/div>\n\t\t\t\t<div class=\"elementor-element elementor-element-db60166 elementor-widget elementor-widget-ld_custom_menu\" data-id=\"db60166\" data-element_type=\"widget\" data-widget_type=\"ld_custom_menu.default\">\n\t\t\t\t<div class=\"elementor-widget-container\">\n\t\t\t\n\t\t\t<div  \n\t\t\t\tclass=\"lqd-fancy-menu lqd-custom-menu pos-rel lqd-menu-td-none\"\n\t\t\t\t\t\t\t>\n\t\t\t\n\t\t\t\t\t\t\t<ul class=\"reset-ul\" id=\"db60166\"  data-localscroll=\"true\" data-localscroll-options=\"{&quot;itemsSelector&quot;:&quot;&gt; li &gt; a&quot;,&quot;trackWindowScroll&quot;:true,&quot;includeParentAsOffset&quot;:false,&quot;offsetElements&quot;:&quot;[data-sticky-header] .lqd-head-sec-wrap:not(.lqd-hide-onstuck), #wpadminbar, body.elementor-page .main-header[data-sticky-header] &gt; .elementor &gt; .elementor-section-wrap &gt; .elementor-section:not(.lqd-hide-onstuck):not(.lqd-stickybar-wrap), body.elementor-page .main-header[data-sticky-header] &gt; .elementor &gt; .elementor-section:not(.lqd-hide-onstuck):not(.lqd-stickybar-wrap)&quot;}\">\n\t\t\t\t\n\t\t\t\t\t\t<li>\n\t\t\t\t\t\t\t<a  href=\"https:\/\/dentblueinternational.com\/fr\/prestations-de-service\/implant-dentaire\" target=\"_self\" > \n\n\t\t\t\t\t\t\t\t\t\t\t\t\t\t\t\t\t<span class=\"link-icon d-inline-flex hide-if-empty right-icon icon-next-to-label\"><i aria-hidden=\"true\" class=\"lqd-icn-ess icon-ion-ios-arrow-forward\"><\/i><\/span>\t\n\t\t\t\t\t\t\t\t\n\t\t\t\t\t\t\t\tImplant Dentaire  \n\t\t\t\t\t\t\t\t\t\t\t\t\t\t\t<\/a>\n\t\t\t\t\t\t\t\t\t\t\t\t\t<\/li>\n\n\t\t\t\t\t\t\n\t\t\t\t\t\t<li>\n\t\t\t\t\t\t\t<a  href=\"https:\/\/dentblueinternational.com\/fr\/prestations-de-service\/couronne-en-zirconium\" target=\"_self\" > \n\n\t\t\t\t\t\t\t\t\t\t\t\t\t\t\t\t\t<span class=\"link-icon d-inline-flex hide-if-empty right-icon icon-next-to-label\"><i aria-hidden=\"true\" class=\"lqd-icn-ess icon-ion-ios-arrow-forward\"><\/i><\/span>\t\n\t\t\t\t\t\t\t\t\n\t\t\t\t\t\t\t\tCouronne en Zirconium  \n\t\t\t\t\t\t\t\t\t\t\t\t\t\t\t<\/a>\n\t\t\t\t\t\t\t\t\t\t\t\t\t<\/li>\n\n\t\t\t\t\t\t\n\t\t\t\t\t\t<li>\n\t\t\t\t\t\t\t<a  href=\"https:\/\/dentblueinternational.com\/fr\/prestations-de-service\/placage-stratifie\" target=\"_self\" > \n\n\t\t\t\t\t\t\t\t\t\t\t\t\t\t\t\t\t<span class=\"link-icon d-inline-flex hide-if-empty right-icon icon-next-to-label\"><i aria-hidden=\"true\" class=\"lqd-icn-ess icon-ion-ios-arrow-forward\"><\/i><\/span>\t\n\t\t\t\t\t\t\t\t\n\t\t\t\t\t\t\t\tPlacage Stratifi\u00e9  \n\t\t\t\t\t\t\t\t\t\t\t\t\t\t\t<\/a>\n\t\t\t\t\t\t\t\t\t\t\t\t\t<\/li>\n\n\t\t\t\t\t\t\n\t\t\t\t\t\t<li>\n\t\t\t\t\t\t\t<a  href=\"https:\/\/dentblueinternational.com\/fr\/prestations-de-service\/e-max\" target=\"_self\" > \n\n\t\t\t\t\t\t\t\t\t\t\t\t\t\t\t\t\t<span class=\"link-icon d-inline-flex hide-if-empty right-icon icon-next-to-label\"><i aria-hidden=\"true\" class=\"lqd-icn-ess icon-ion-ios-arrow-forward\"><\/i><\/span>\t\n\t\t\t\t\t\t\t\t\n\t\t\t\t\t\t\t\tE-Max  \n\t\t\t\t\t\t\t\t\t\t\t\t\t\t\t<\/a>\n\t\t\t\t\t\t\t\t\t\t\t\t\t<\/li>\n\n\t\t\t\t\t\t\n\t\t\t\t\t\t<li>\n\t\t\t\t\t\t\t<a  href=\"https:\/\/dentblueinternational.com\/fr\/prestations-de-service\/sourire-hollywoodien\" target=\"_self\" > \n\n\t\t\t\t\t\t\t\t\t\t\t\t\t\t\t\t\t<span class=\"link-icon d-inline-flex hide-if-empty right-icon icon-next-to-label\"><i aria-hidden=\"true\" class=\"lqd-icn-ess icon-ion-ios-arrow-forward\"><\/i><\/span>\t\n\t\t\t\t\t\t\t\t\n\t\t\t\t\t\t\t\tSourire Hollywoodien  \n\t\t\t\t\t\t\t\t\t\t\t\t\t\t\t<\/a>\n\t\t\t\t\t\t\t\t\t\t\t\t\t<\/li>\n\n\t\t\t\t\t\t\n\t\t\t\t\t\t<li>\n\t\t\t\t\t\t\t<a  href=\"https:\/\/dentblueinternational.com\/fr\/prestations-de-service\/relooking-du-sourire\" target=\"_self\" > \n\n\t\t\t\t\t\t\t\t\t\t\t\t\t\t\t\t\t<span class=\"link-icon d-inline-flex hide-if-empty right-icon icon-next-to-label\"><i aria-hidden=\"true\" class=\"lqd-icn-ess icon-ion-ios-arrow-forward\"><\/i><\/span>\t\n\t\t\t\t\t\t\t\t\n\t\t\t\t\t\t\t\tRelooking du Sourire  \n\t\t\t\t\t\t\t\t\t\t\t\t\t\t\t<\/a>\n\t\t\t\t\t\t\t\t\t\t\t\t\t<\/li>\n\n\t\t\t\t\t\t\n\t\t\t\t\t\t<li>\n\t\t\t\t\t\t\t<a  href=\"https:\/\/dentblueinternational.com\/fr\/prestations-de-service\/blanchissement-dentaire\" target=\"_self\" > \n\n\t\t\t\t\t\t\t\t\t\t\t\t\t\t\t\t\t<span class=\"link-icon d-inline-flex hide-if-empty right-icon icon-next-to-label\"><i aria-hidden=\"true\" class=\"lqd-icn-ess icon-ion-ios-arrow-forward\"><\/i><\/span>\t\n\t\t\t\t\t\t\t\t\n\t\t\t\t\t\t\t\tBlanchissement Dentaire  \n\t\t\t\t\t\t\t\t\t\t\t\t\t\t\t<\/a>\n\t\t\t\t\t\t\t\t\t\t\t\t\t<\/li>\n\n\t\t\t\t\t\t\n\t\t\t\t\t\t<li>\n\t\t\t\t\t\t\t<a  href=\"https:\/\/dentblueinternational.com\/fr\/prestations-de-service\/tout-sur-4\" target=\"_self\" > \n\n\t\t\t\t\t\t\t\t\t\t\t\t\t\t\t\t\t<span class=\"link-icon d-inline-flex hide-if-empty right-icon icon-next-to-label\"><i aria-hidden=\"true\" class=\"lqd-icn-ess icon-ion-ios-arrow-forward\"><\/i><\/span>\t\n\t\t\t\t\t\t\t\t\n\t\t\t\t\t\t\t\tTout Sur 4  \n\t\t\t\t\t\t\t\t\t\t\t\t\t\t\t<\/a>\n\t\t\t\t\t\t\t\t\t\t\t\t\t<\/li>\n\n\t\t\t\t\t\t\t\t\t\t<\/ul>\n\t\t\t\t\t\t\t\t\t<\/div>\n\t\t\t\t<\/div>\n\t\t\t\t<\/div>\n\t\t\t\t\t<\/div>\n\t\t<\/div>\n\t\t\t\t<div class=\"elementor-column elementor-col-50 elementor-top-column elementor-element elementor-element-15be3ae\" data-id=\"15be3ae\" data-element_type=\"column\">\n\t\t\t<div class=\"elementor-widget-wrap elementor-element-populated\">\n\t\t\t\t\t\t\t\t<section class=\"elementor-section elementor-inner-section elementor-element elementor-element-4483586 elementor-section-boxed elementor-section-height-default elementor-section-height-default\" data-id=\"4483586\" data-element_type=\"section\" id=\"id-pass-security\">\n\t\t\t\t\t\t<div class=\"elementor-container elementor-column-gap-default\">\n\t\t\t\t\t<div class=\"elementor-column elementor-col-100 elementor-inner-column elementor-element elementor-element-ccf638a\" data-id=\"ccf638a\" data-element_type=\"column\">\n\t\t\t<div class=\"elementor-widget-wrap elementor-element-populated\">\n\t\t\t\t\t\t\t\t<div class=\"elementor-element elementor-element-c58b538 elementor-widget elementor-widget-ld_content_box\" data-id=\"c58b538\" data-element_type=\"widget\" data-widget_type=\"ld_content_box.default\">\n\t\t\t\t<div class=\"elementor-widget-container\">\n\t\t\t \n\n\t\t<div class=\"lqd-fb pos-rel lqd-fb-style-1 lqd-fb-style-1-3 lqd-fb-content-overlay lqd-fb-zoom-img-onhover border-radius-4 overflow-hidden h-pt-50\"  data-inview=\"true\" >\n\t\t\t\t\t<div class=\"lqd-fb-inner lqd-overlay\">\n\n\t\t\t\t<div class=\"lqd-fb-img lqd-overlay overflow-hidden\">\n\n\t\t\t\t\t<figure class=\"w-100 h-100\">\n\t\t\t\t\t\t<img decoding=\"async\" class=\"w-100 h-100 objfit-cover objpos-center\" src=\"https:\/\/dentblueinternational.com\/wp-content\/uploads\/2022\/08\/smile-makeover-1.jpg\">\t\t\t\t\t<\/figure>\n\n\t\t\t\t<\/div>\n\n\t\t\t\t<div class=\"lqd-fb-content lqd-overlay d-flex align-items-end\">\n\t\t\t\t\t<div class=\"lqd-fb-bg lqd-overlay\"><\/div>\n\t\t\t\t\t<div class=\"lqd-fb-hover-overlay lqd-overlay\"><\/div>\n\t\t\t\t\t<div class=\"lqd-fb-content-inner d-flex flex-column justify-content-end pos-rel h-100 w-100 p-4\">\n\t\t\t\t\t\t\n\t\t\t\t\t\t\t\t\t\t\t\t\n\t\t\t\t\t\t<div class=\"lqd-fb-content-bottom\">\n\t\t\t\t\t\t\t\n\t\t\t\t\t\t\t\t\t\t\t\t\t\t\n\t\t\t\t\t\t\t\n\t\t\t\t\t\t\t\n\t\t\t\t\t\t<\/div>\n\n\t\t\t\t\t\t\t\t\t\t\t\t\n\t\t\t\t\t<\/div>\n\t\t\t\t<\/div>\n\n\t\t\t\t<\/div>\n\t\t\t \n\t\t<\/div>\n\t\t\t\t<\/div>\n\t\t\t\t<\/div>\n\t\t\t\t<div class=\"elementor-element elementor-element-7d86ff1 elementor-widget elementor-widget-hub_fancy_heading\" data-id=\"7d86ff1\" data-element_type=\"widget\" data-widget_type=\"hub_fancy_heading.default\">\n\t\t\t\t<div class=\"elementor-widget-container\">\n\t\t\t\n\t\t<div id=\"ld-fancy-heading-69e765ffe3b11\" class=\"ld-fancy-heading pos-rel\">\n\t\t\t<h1 class=\"ld-fh-element d-inline-block pos-rel elementor-heading-title lqd-highlight-classic lqd-highlight-grow-left h1\"  > Relook\u0131ng du Sour\u0131re<\/h1>\t\t<\/div>\n\n\t\t\t\t<\/div>\n\t\t\t\t<\/div>\n\t\t\t\t<div class=\"elementor-element elementor-element-01b7d80 elementor-widget elementor-widget-text-editor\" data-id=\"01b7d80\" data-element_type=\"widget\" data-widget_type=\"text-editor.default\">\n\t\t\t\t<div class=\"elementor-widget-container\">\n\t\t\t<style>\/*! elementor - v3.7.0 - 08-08-2022 *\/\n.elementor-widget-text-editor.elementor-drop-cap-view-stacked .elementor-drop-cap{background-color:#818a91;color:#fff}.elementor-widget-text-editor.elementor-drop-cap-view-framed .elementor-drop-cap{color:#818a91;border:3px solid;background-color:transparent}.elementor-widget-text-editor:not(.elementor-drop-cap-view-default) .elementor-drop-cap{margin-top:8px}.elementor-widget-text-editor:not(.elementor-drop-cap-view-default) .elementor-drop-cap-letter{width:1em;height:1em}.elementor-widget-text-editor .elementor-drop-cap{float:left;text-align:center;line-height:1;font-size:50px}.elementor-widget-text-editor .elementor-drop-cap-letter{display:inline-block}<\/style>\t\t\t\t<h2>Qu&#8217;est-ce que Smile Makeover\u00a0?<\/h2><p>Sourire hollywoodien : Il s&#8217;agit d&#8217;un relooking de sourire personnalis\u00e9 compos\u00e9 de processus de blanchiment et de couronnes. \u00c0 la suite du traitement de la structure dentaire existante de la personne avec des facettes et de l&#8217;\u00e9limination de la disharmonie entre les gencives et les dents gr\u00e2ce \u00e0 des th\u00e9rapies d&#8217;esth\u00e9tique des gencives, un sourire sain et blanc est fourni.<\/p><p>La conception num\u00e9rique du sourire est une m\u00e9tamorphose totale du sourire et implique des facettes sur toutes les dents ou les dents visibles de la m\u00e2choire sup\u00e9rieure et inf\u00e9rieure. Avoir un beau sourire naturel affecte principalement la confiance en soi. Apr\u00e8s une s\u00e9rie de proc\u00e9dures, la dentisterie esth\u00e9tique peut effacer votre vieux sourire et vous rendre possible le sourire \u00e9blouissant des c\u00e9l\u00e9brit\u00e9s.<\/p><h2><strong>Qu&#8217;est-ce que Gummy\u00a0Smile\u00a0?<\/strong><\/h2><p><strong>\u00a0<\/strong>Le sourire gingival est le diagnostic pour les cas o\u00f9 plus de 3\u00a0mm de gencives apparaissent pendant le sourire. Il est \u00e9galement appel\u00e9 Gum Smile. Le sourire est compos\u00e9 d&#8217;une partie blanche (dents) et d&#8217;une partie rose (gencives). Un sourire dans lequel la partie blanche semble plus grande que la partie rose est esth\u00e9tiquement favorable. Inverser ce rythme peut cr\u00e9er une g\u00eane esth\u00e9tique et une discorde lors du sourire.<\/p><p>Le sourire gommeux est plus fr\u00e9quent chez les femmes et peut \u00eatre observ\u00e9 chez 10 % des femmes \u00e2g\u00e9es de 20 \u00e0 30 ans.<\/p><p>La proc\u00e9dure esth\u00e9tique appliqu\u00e9e aux patients diagnostiqu\u00e9s avec un sourire gingival est appel\u00e9e esth\u00e9tique rose ou relooking du sourire. L&#8217;objectif est de corriger l&#8217;image inqui\u00e9tante qui se produit lorsque les gencives, appel\u00e9es sourires gommeux, apparaissent trop.<\/p><p>Il ajoute de l&#8217;harmonie et de l&#8217;\u00e9quilibre \u00e0 votre sourire.<\/p><h2><strong>Quelles sont les causes du sourire gingival\u00a0?<\/strong><\/h2><p>Le sourire gommeux a plusieurs causes, et plusieurs causes peuvent \u00eatre trouv\u00e9es \u00e0 la racine du probl\u00e8me. Le diagnostic de sourire gommeux peut \u00eatre pos\u00e9 par le patient devant le miroir en utilisant une m\u00e9thode simple, mais les causes doivent \u00eatre d\u00e9termin\u00e9es par le dentiste.<\/p><p>Voici quelques raisons pour les sourires gommeux\u00a0:<\/p><h2><strong>Croissance excessive des gencives (faux sourire gommeux)<\/strong><\/h2><p>Les m\u00e9dicaments, les habitudes respiratoires buccales, la gingivite, une mauvaise hygi\u00e8ne buccale chez les patients qui ont un appareil orthodontique ou une prolif\u00e9ration g\u00e9n\u00e9tique des gencives (hyperplasie gingivale) sont les principales causes de la croissance des gencives.<\/p><h2><strong>Hyperactivit\u00e9 de la l\u00e8vre sup\u00e9rieure<\/strong><\/h2><p>La quantit\u00e9 d&#8217;apparence des gencives dans le sourire gingival d\u00e9pend \u00e9galement de l&#8217;activit\u00e9 musculaire des muscles des l\u00e8vres. Dans ce cas, les muscles charg\u00e9s de soulever et de fermer les l\u00e8vres ont des mouvements plus larges que d&#8217;habitude. En cons\u00e9quence, l&#8217;hyperactivit\u00e9 du muscle de la l\u00e8vre sup\u00e9rieure rend les gencives plus expos\u00e9es lors de la conversation et du sourire.<\/p><h2><strong>Croissance osseuse verticale excessive dans l&#8217;os maxillaire (m\u00e2choire sup\u00e9rieure)<\/strong><\/h2><p>C&#8217;est la cause la plus fr\u00e9quente de sourire gingival. Chez ces individus, la hauteur de la m\u00e2choire est sup\u00e9rieure \u00e0 la normale. Des proc\u00e9dures pr\u00e9cises telles que la correction chirurgicale et la tomographie pour analyser la quantit\u00e9 d&#8217;os sous les gencives sont n\u00e9cessaires.<\/p><h2><strong>L\u00e8vre sup\u00e9rieure courte<\/strong><\/h2><p>Une l\u00e8vre sup\u00e9rieure plus courte, plus fine ou r\u00e9tract\u00e9e est la deuxi\u00e8me cause la plus fr\u00e9quente d&#8217;un sourire gingival. Chez ces personnes, la l\u00e8vre inf\u00e9rieure et sup\u00e9rieure ne se ferme pas compl\u00e8tement pendant la position de repos et de relaxation.<\/p><h2><strong>Quels sont les mat\u00e9riaux requis pour le relooking du sourire\u00a0?<\/strong><\/h2><p><strong>\u00a0<\/strong>Les mat\u00e9riaux requis pour une m\u00e9tamorphose du sourire sont\u00a0; couronnes enti\u00e8rement en c\u00e9ramique, stratifi\u00e9s, couronnes en zirconium et implants selon les besoins. Le processus est r\u00e9alis\u00e9 principalement en utilisant des stratifi\u00e9s, des couronnes enti\u00e8rement en c\u00e9ramique et des couronnes en zirconium.<\/p><h2><strong>Combien de temps ces processus prendront-ils\u00a0?<\/strong><\/h2><p>Les \u00e9tapes d&#8217;application pr\u00e9vues pour le relooking du sourire peuvent \u00eatre compl\u00e9t\u00e9es en 3-4 s\u00e9ances cons\u00e9cutives, en moyenne en 4-5 jours. L&#8217;intensit\u00e9 des interventions requises pour le relooking du sourire et la disponibilit\u00e9 du patient d\u00e9terminent le nombre de rendez-vous n\u00e9cessaires. Par exemple, si le patient a des dents manquantes et a besoin d&#8217;un traitement implantaire, le processus de relooking du sourire peut \u00eatre prolong\u00e9 jusqu&#8217;\u00e0 3 mois.<\/p>\t\t\t\t\t\t<\/div>\n\t\t\t\t<\/div>\n\t\t\t\t\t<\/div>\n\t\t<\/div>\n\t\t\t\t\t\t\t<\/div>\n\t\t<\/section>\n\t\t\t\t\t<\/div>\n\t\t<\/div>\n\t\t\t\t\t\t\t<\/div>\n\t\t<\/section>\n\t\t\t\t\t\t\t<\/div>","protected":false},"excerpt":{"rendered":"<p>Relooking du Sourire Home PRESTATIONS DE SERVICE Implant Dentaire Couronne en Zirconium Placage Stratifi\u00e9 E-Max Sourire Hollywoodien Relooking du Sourire Blanchissement Dentaire Tout Sur 4 Relook\u0131ng du Sour\u0131re Qu&#8217;est-ce que Smile Makeover\u00a0? Sourire hollywoodien : Il s&#8217;agit d&#8217;un relooking de sourire personnalis\u00e9 compos\u00e9 de processus de blanchiment et de couronnes. \u00c0 la suite du traitement [&hellip;]<\/p>","protected":false},"author":1,"featured_media":0,"parent":1535,"menu_order":0,"comment_status":"closed","ping_status":"closed","template":"","meta":{"footnotes":""},"class_list":["post-1546","page","type-page","status-publish","hentry"],"aioseo_notices":[],"_links":{"self":[{"href":"https:\/\/dentblueinternational.com\/fr\/wp-json\/wp\/v2\/pages\/1546","targetHints":{"allow":["GET"]}}],"collection":[{"href":"https:\/\/dentblueinternational.com\/fr\/wp-json\/wp\/v2\/pages"}],"about":[{"href":"https:\/\/dentblueinternational.com\/fr\/wp-json\/wp\/v2\/types\/page"}],"author":[{"embeddable":true,"href":"https:\/\/dentblueinternational.com\/fr\/wp-json\/wp\/v2\/users\/1"}],"replies":[{"embeddable":true,"href":"https:\/\/dentblueinternational.com\/fr\/wp-json\/wp\/v2\/comments?post=1546"}],"version-history":[{"count":0,"href":"https:\/\/dentblueinternational.com\/fr\/wp-json\/wp\/v2\/pages\/1546\/revisions"}],"up":[{"embeddable":true,"href":"https:\/\/dentblueinternational.com\/fr\/wp-json\/wp\/v2\/pages\/1535"}],"wp:attachment":[{"href":"https:\/\/dentblueinternational.com\/fr\/wp-json\/wp\/v2\/media?parent=1546"}],"curies":[{"name":"wp","href":"https:\/\/api.w.org\/{rel}","templated":true}]}}