{"id":271,"date":"2021-09-03T10:57:55","date_gmt":"2021-09-03T10:57:55","guid":{"rendered":"https:\/\/itbusiness.liquid-themes.com\/elementor\/?page_id=271"},"modified":"2022-11-09T16:00:07","modified_gmt":"2022-11-09T13:00:07","slug":"implant-dentaire","status":"publish","type":"page","link":"https:\/\/dentblueinternational.com\/fr\/prestations-de-service\/implant-dentaire","title":{"rendered":"Implant Dentaire"},"content":{"rendered":"<div data-elementor-type=\"wp-page\" data-elementor-id=\"271\" class=\"elementor elementor-271\">\n\t\t\t\t\t\t\t\t\t<section class=\"elementor-section elementor-top-section elementor-element elementor-element-3e4879f elementor-section-boxed elementor-section-height-default elementor-section-height-default\" data-id=\"3e4879f\" data-element_type=\"section\" data-settings=\"{&quot;background_background&quot;:&quot;classic&quot;}\">\n\t\t\t\t\t\t<div class=\"elementor-container elementor-column-gap-default\">\n\t\t\t\t\t<div class=\"elementor-column elementor-col-100 elementor-top-column elementor-element elementor-element-8d2a560\" data-id=\"8d2a560\" data-element_type=\"column\">\n\t\t\t<div class=\"elementor-widget-wrap elementor-element-populated\">\n\t\t\t\t\t\t\t\t<section class=\"elementor-section elementor-inner-section elementor-element elementor-element-7013c2e elementor-section-boxed elementor-section-height-default elementor-section-height-default\" data-id=\"7013c2e\" data-element_type=\"section\">\n\t\t\t\t\t\t<div class=\"elementor-container elementor-column-gap-default\">\n\t\t\t\t\t<div class=\"elementor-column elementor-col-50 elementor-inner-column elementor-element elementor-element-87ec41c\" data-id=\"87ec41c\" data-element_type=\"column\">\n\t\t\t<div class=\"elementor-widget-wrap elementor-element-populated\">\n\t\t\t\t\t\t\t\t<div class=\"elementor-element elementor-element-92fc94c elementor-widget elementor-widget-hub_fancy_heading\" data-id=\"92fc94c\" data-element_type=\"widget\" data-widget_type=\"hub_fancy_heading.default\">\n\t\t\t\t<div class=\"elementor-widget-container\">\n\t\t\t\n\t\t<div id=\"ld-fancy-heading-69e76556c2292\" class=\"ld-fancy-heading pos-rel\">\n\t\t\t<h1 class=\"ld-fh-element d-inline-block pos-rel elementor-heading-title lqd-highlight-classic lqd-highlight-grow-left h1\"  > Implant Dentaire<\/h1>\t\t<\/div>\n\n\t\t\t\t<\/div>\n\t\t\t\t<\/div>\n\t\t\t\t<div class=\"elementor-element elementor-element-c910251 elementor-widget elementor-widget-ld_breadcrumb\" data-id=\"c910251\" data-element_type=\"widget\" data-widget_type=\"ld_breadcrumb.default\">\n\t\t\t\t<div class=\"elementor-widget-container\">\n\t\t\t<div class=\"lqd-breadcrumb-wrapper\"><nav role=\"navigation\" aria-label=\"Breadcrumbs\" class=\"breadcrumbs\"><ol class=\"breadcrumb reset-ul inline-nav inline-ul comma-sep-li\"><li class=\"breadcrumb-item active\"><a href=\"https:\/\/dentblueinternational.com\/fr\" rel=\"home\"><span>Home<\/span><\/a><\/li><\/ol><\/nav><\/div>\t\t<\/div>\n\t\t\t\t<\/div>\n\t\t\t\t\t<\/div>\n\t\t<\/div>\n\t\t\t\t<div class=\"elementor-column elementor-col-50 elementor-inner-column elementor-element elementor-element-ea72417\" data-id=\"ea72417\" data-element_type=\"column\">\n\t\t\t<div class=\"elementor-widget-wrap\">\n\t\t\t\t\t\t\t\t\t<\/div>\n\t\t<\/div>\n\t\t\t\t\t\t\t<\/div>\n\t\t<\/section>\n\t\t\t\t\t<\/div>\n\t\t<\/div>\n\t\t\t\t\t\t\t<\/div>\n\t\t<\/section>\n\t\t\t\t<section class=\"elementor-section elementor-top-section elementor-element elementor-element-bf19241 elementor-section-boxed elementor-section-height-default elementor-section-height-default\" data-id=\"bf19241\" data-element_type=\"section\">\n\t\t\t\t\t\t<div class=\"elementor-container elementor-column-gap-default\">\n\t\t\t\t\t<div class=\"lqd-css-sticky-column elementor-column elementor-col-50 elementor-top-column elementor-element elementor-element-a02b78d elementor-hidden-mobile\" style=\"--lqd-sticky-offset:30px\" data-id=\"a02b78d\" data-element_type=\"column\">\n\t\t\t<div class=\"elementor-widget-wrap elementor-element-populated\">\n\t\t\t\t\t\t\t\t<div class=\"elementor-element elementor-element-df93dcf elementor-widget elementor-widget-hub_fancy_heading\" data-id=\"df93dcf\" data-element_type=\"widget\" data-widget_type=\"hub_fancy_heading.default\">\n\t\t\t\t<div class=\"elementor-widget-container\">\n\t\t\t\n\t\t<div id=\"ld-fancy-heading-69e76556c5a48\" class=\"ld-fancy-heading pos-rel\">\n\t\t\t<h6 class=\"ld-fh-element d-inline-block pos-rel elementor-heading-title lqd-highlight-classic lqd-highlight-grow-left h6\"  > PRESTATIONS DE SERVICE<\/h6>\t\t<\/div>\n\n\t\t\t\t<\/div>\n\t\t\t\t<\/div>\n\t\t\t\t<div class=\"elementor-element elementor-element-7c1d674 elementor-widget elementor-widget-ld_custom_menu\" data-id=\"7c1d674\" data-element_type=\"widget\" data-widget_type=\"ld_custom_menu.default\">\n\t\t\t\t<div class=\"elementor-widget-container\">\n\t\t\t\n\t\t\t<div  \n\t\t\t\tclass=\"lqd-fancy-menu lqd-custom-menu pos-rel lqd-menu-td-none\"\n\t\t\t\t\t\t\t>\n\t\t\t\n\t\t\t\t\t\t\t<ul class=\"reset-ul\" id=\"7c1d674\"  data-localscroll=\"true\" data-localscroll-options=\"{&quot;itemsSelector&quot;:&quot;&gt; li &gt; a&quot;,&quot;trackWindowScroll&quot;:true,&quot;includeParentAsOffset&quot;:false,&quot;offsetElements&quot;:&quot;[data-sticky-header] .lqd-head-sec-wrap:not(.lqd-hide-onstuck), #wpadminbar, body.elementor-page .main-header[data-sticky-header] &gt; .elementor &gt; .elementor-section-wrap &gt; .elementor-section:not(.lqd-hide-onstuck):not(.lqd-stickybar-wrap), body.elementor-page .main-header[data-sticky-header] &gt; .elementor &gt; .elementor-section:not(.lqd-hide-onstuck):not(.lqd-stickybar-wrap)&quot;}\">\n\t\t\t\t\n\t\t\t\t\t\t<li>\n\t\t\t\t\t\t\t<a  href=\"https:\/\/dentblueinternational.com\/fr\/prestations-de-service\/implant-dentaire\" target=\"_self\" > \n\n\t\t\t\t\t\t\t\t\t\t\t\t\t\t\t\t\t<span class=\"link-icon d-inline-flex hide-if-empty right-icon icon-next-to-label\"><i aria-hidden=\"true\" class=\"lqd-icn-ess icon-ion-ios-arrow-forward\"><\/i><\/span>\t\n\t\t\t\t\t\t\t\t\n\t\t\t\t\t\t\t\tImplant Dentaire  \n\t\t\t\t\t\t\t\t\t\t\t\t\t\t\t<\/a>\n\t\t\t\t\t\t\t\t\t\t\t\t\t<\/li>\n\n\t\t\t\t\t\t\n\t\t\t\t\t\t<li>\n\t\t\t\t\t\t\t<a  href=\"https:\/\/dentblueinternational.com\/fr\/prestations-de-service\/couronne-en-zirconium\" target=\"_self\" > \n\n\t\t\t\t\t\t\t\t\t\t\t\t\t\t\t\t\t<span class=\"link-icon d-inline-flex hide-if-empty right-icon icon-next-to-label\"><i aria-hidden=\"true\" class=\"lqd-icn-ess icon-ion-ios-arrow-forward\"><\/i><\/span>\t\n\t\t\t\t\t\t\t\t\n\t\t\t\t\t\t\t\tCouronne en Zirconium  \n\t\t\t\t\t\t\t\t\t\t\t\t\t\t\t<\/a>\n\t\t\t\t\t\t\t\t\t\t\t\t\t<\/li>\n\n\t\t\t\t\t\t\n\t\t\t\t\t\t<li>\n\t\t\t\t\t\t\t<a  href=\"https:\/\/dentblueinternational.com\/fr\/prestations-de-service\/placage-stratifie\" target=\"_self\" > \n\n\t\t\t\t\t\t\t\t\t\t\t\t\t\t\t\t\t<span class=\"link-icon d-inline-flex hide-if-empty right-icon icon-next-to-label\"><i aria-hidden=\"true\" class=\"lqd-icn-ess icon-ion-ios-arrow-forward\"><\/i><\/span>\t\n\t\t\t\t\t\t\t\t\n\t\t\t\t\t\t\t\tPlacage Stratifi\u00e9  \n\t\t\t\t\t\t\t\t\t\t\t\t\t\t\t<\/a>\n\t\t\t\t\t\t\t\t\t\t\t\t\t<\/li>\n\n\t\t\t\t\t\t\n\t\t\t\t\t\t<li>\n\t\t\t\t\t\t\t<a  href=\"https:\/\/dentblueinternational.com\/fr\/prestations-de-service\/e-max\" target=\"_self\" > \n\n\t\t\t\t\t\t\t\t\t\t\t\t\t\t\t\t\t<span class=\"link-icon d-inline-flex hide-if-empty right-icon icon-next-to-label\"><i aria-hidden=\"true\" class=\"lqd-icn-ess icon-ion-ios-arrow-forward\"><\/i><\/span>\t\n\t\t\t\t\t\t\t\t\n\t\t\t\t\t\t\t\tE-Max  \n\t\t\t\t\t\t\t\t\t\t\t\t\t\t\t<\/a>\n\t\t\t\t\t\t\t\t\t\t\t\t\t<\/li>\n\n\t\t\t\t\t\t\n\t\t\t\t\t\t<li>\n\t\t\t\t\t\t\t<a  href=\"https:\/\/dentblueinternational.com\/fr\/prestations-de-service\/sourire-hollywoodien\" target=\"_self\" > \n\n\t\t\t\t\t\t\t\t\t\t\t\t\t\t\t\t\t<span class=\"link-icon d-inline-flex hide-if-empty right-icon icon-next-to-label\"><i aria-hidden=\"true\" class=\"lqd-icn-ess icon-ion-ios-arrow-forward\"><\/i><\/span>\t\n\t\t\t\t\t\t\t\t\n\t\t\t\t\t\t\t\tSourire Hollywoodien  \n\t\t\t\t\t\t\t\t\t\t\t\t\t\t\t<\/a>\n\t\t\t\t\t\t\t\t\t\t\t\t\t<\/li>\n\n\t\t\t\t\t\t\n\t\t\t\t\t\t<li>\n\t\t\t\t\t\t\t<a  href=\"https:\/\/dentblueinternational.com\/fr\/prestations-de-service\/relooking-du-sourire\" target=\"_self\" > \n\n\t\t\t\t\t\t\t\t\t\t\t\t\t\t\t\t\t<span class=\"link-icon d-inline-flex hide-if-empty right-icon icon-next-to-label\"><i aria-hidden=\"true\" class=\"lqd-icn-ess icon-ion-ios-arrow-forward\"><\/i><\/span>\t\n\t\t\t\t\t\t\t\t\n\t\t\t\t\t\t\t\tRelooking du Sourire  \n\t\t\t\t\t\t\t\t\t\t\t\t\t\t\t<\/a>\n\t\t\t\t\t\t\t\t\t\t\t\t\t<\/li>\n\n\t\t\t\t\t\t\n\t\t\t\t\t\t<li>\n\t\t\t\t\t\t\t<a  href=\"https:\/\/dentblueinternational.com\/fr\/prestations-de-service\/blanchissement-dentaire\" target=\"_self\" > \n\n\t\t\t\t\t\t\t\t\t\t\t\t\t\t\t\t\t<span class=\"link-icon d-inline-flex hide-if-empty right-icon icon-next-to-label\"><i aria-hidden=\"true\" class=\"lqd-icn-ess icon-ion-ios-arrow-forward\"><\/i><\/span>\t\n\t\t\t\t\t\t\t\t\n\t\t\t\t\t\t\t\tBlanchissement Dentaire  \n\t\t\t\t\t\t\t\t\t\t\t\t\t\t\t<\/a>\n\t\t\t\t\t\t\t\t\t\t\t\t\t<\/li>\n\n\t\t\t\t\t\t\n\t\t\t\t\t\t<li>\n\t\t\t\t\t\t\t<a  href=\"https:\/\/dentblueinternational.com\/fr\/prestations-de-service\/tout-sur-4\" target=\"_self\" > \n\n\t\t\t\t\t\t\t\t\t\t\t\t\t\t\t\t\t<span class=\"link-icon d-inline-flex hide-if-empty right-icon icon-next-to-label\"><i aria-hidden=\"true\" class=\"lqd-icn-ess icon-ion-ios-arrow-forward\"><\/i><\/span>\t\n\t\t\t\t\t\t\t\t\n\t\t\t\t\t\t\t\tTout Sur 4  \n\t\t\t\t\t\t\t\t\t\t\t\t\t\t\t<\/a>\n\t\t\t\t\t\t\t\t\t\t\t\t\t<\/li>\n\n\t\t\t\t\t\t\t\t\t\t<\/ul>\n\t\t\t\t\t\t\t\t\t<\/div>\n\t\t\t\t<\/div>\n\t\t\t\t<\/div>\n\t\t\t\t\t<\/div>\n\t\t<\/div>\n\t\t\t\t<div class=\"elementor-column elementor-col-50 elementor-top-column elementor-element elementor-element-15be3ae\" data-id=\"15be3ae\" data-element_type=\"column\">\n\t\t\t<div class=\"elementor-widget-wrap elementor-element-populated\">\n\t\t\t\t\t\t\t\t<section class=\"elementor-section elementor-inner-section elementor-element elementor-element-4483586 elementor-section-boxed elementor-section-height-default elementor-section-height-default\" data-id=\"4483586\" data-element_type=\"section\" id=\"id-pass-security\">\n\t\t\t\t\t\t<div class=\"elementor-container elementor-column-gap-default\">\n\t\t\t\t\t<div class=\"elementor-column elementor-col-100 elementor-inner-column elementor-element elementor-element-ccf638a\" data-id=\"ccf638a\" data-element_type=\"column\">\n\t\t\t<div class=\"elementor-widget-wrap elementor-element-populated\">\n\t\t\t\t\t\t\t\t<div class=\"elementor-element elementor-element-c58b538 elementor-widget elementor-widget-ld_content_box\" data-id=\"c58b538\" data-element_type=\"widget\" data-widget_type=\"ld_content_box.default\">\n\t\t\t\t<div class=\"elementor-widget-container\">\n\t\t\t \n\n\t\t<div class=\"lqd-fb pos-rel lqd-fb-style-1 lqd-fb-style-1-3 lqd-fb-content-overlay lqd-fb-zoom-img-onhover border-radius-4 overflow-hidden h-pt-50\"  data-inview=\"true\" >\n\t\t\t\t\t<div class=\"lqd-fb-inner lqd-overlay\">\n\n\t\t\t\t<div class=\"lqd-fb-img lqd-overlay overflow-hidden\">\n\n\t\t\t\t\t<figure class=\"w-100 h-100\">\n\t\t\t\t\t\t<img decoding=\"async\" class=\"w-100 h-100 objfit-cover objpos-center\" src=\"https:\/\/dentblueinternational.com\/wp-content\/uploads\/2022\/08\/dental-implant-1.jpg\">\t\t\t\t\t<\/figure>\n\n\t\t\t\t<\/div>\n\n\t\t\t\t<div class=\"lqd-fb-content lqd-overlay d-flex align-items-end\">\n\t\t\t\t\t<div class=\"lqd-fb-bg lqd-overlay\"><\/div>\n\t\t\t\t\t<div class=\"lqd-fb-hover-overlay lqd-overlay\"><\/div>\n\t\t\t\t\t<div class=\"lqd-fb-content-inner d-flex flex-column justify-content-end pos-rel h-100 w-100 p-4\">\n\t\t\t\t\t\t\n\t\t\t\t\t\t\t\t\t\t\t\t\n\t\t\t\t\t\t<div class=\"lqd-fb-content-bottom\">\n\t\t\t\t\t\t\t\n\t\t\t\t\t\t\t\t\t\t\t\t\t\t\n\t\t\t\t\t\t\t\n\t\t\t\t\t\t\t\n\t\t\t\t\t\t<\/div>\n\n\t\t\t\t\t\t\t\t\t\t\t\t\n\t\t\t\t\t<\/div>\n\t\t\t\t<\/div>\n\n\t\t\t\t<\/div>\n\t\t\t \n\t\t<\/div>\n\t\t\t\t<\/div>\n\t\t\t\t<\/div>\n\t\t\t\t<div class=\"elementor-element elementor-element-7d86ff1 elementor-widget elementor-widget-hub_fancy_heading\" data-id=\"7d86ff1\" data-element_type=\"widget\" data-widget_type=\"hub_fancy_heading.default\">\n\t\t\t\t<div class=\"elementor-widget-container\">\n\t\t\t\n\t\t<div id=\"ld-fancy-heading-69e76556d05d4\" class=\"ld-fancy-heading pos-rel\">\n\t\t\t<h1 class=\"ld-fh-element d-inline-block pos-rel elementor-heading-title lqd-highlight-classic lqd-highlight-grow-left h1\"  > Implant Denta\u0131re<\/h1>\t\t<\/div>\n\n\t\t\t\t<\/div>\n\t\t\t\t<\/div>\n\t\t\t\t<div class=\"elementor-element elementor-element-01b7d80 elementor-widget elementor-widget-text-editor\" data-id=\"01b7d80\" data-element_type=\"widget\" data-widget_type=\"text-editor.default\">\n\t\t\t\t<div class=\"elementor-widget-container\">\n\t\t\t<style>\/*! elementor - v3.7.0 - 08-08-2022 *\/\n.elementor-widget-text-editor.elementor-drop-cap-view-stacked .elementor-drop-cap{background-color:#818a91;color:#fff}.elementor-widget-text-editor.elementor-drop-cap-view-framed .elementor-drop-cap{color:#818a91;border:3px solid;background-color:transparent}.elementor-widget-text-editor:not(.elementor-drop-cap-view-default) .elementor-drop-cap{margin-top:8px}.elementor-widget-text-editor:not(.elementor-drop-cap-view-default) .elementor-drop-cap-letter{width:1em;height:1em}.elementor-widget-text-editor .elementor-drop-cap{float:left;text-align:center;line-height:1;font-size:50px}.elementor-widget-text-editor .elementor-drop-cap-letter{display:inline-block}<\/style>\t\t\t\t<h2>Qu&#8217;est-ce qu&#8217;un implant\u00a0?<\/h2><p>Il s&#8217;agit d&#8217;un syst\u00e8me de vis en titane utilis\u00e9 pour fabriquer des proth\u00e8ses et des couronnes sur les d\u00e9ficiences des dents implantaires. Les implants dentaires plac\u00e9s dans l&#8217;os de la m\u00e2choire agissent comme une racine dentaire. Dans les d\u00e9ficiences unitaires, il est possible de compl\u00e9ter la dent manquante sans toucher aux dents saines adjacentes, et il est possible d&#8217;utiliser des proth\u00e8ses fixes au lieu de proth\u00e8ses amovibles dans les d\u00e9ficiences multiples avec implants dentaires.<\/p><h2><strong>Dans quelles situations les implants sont-ils pr\u00e9f\u00e9r\u00e9s\u00a0?<\/strong><\/h2><p>Dents qui devraient exister dans la bouche pendant la vie humaine\u00a0; Il peut \u00eatre perdu \u00e0 la suite de caries ou de maladies des gencives dues \u00e0 des soins insuffisants, \u00e0 des facteurs g\u00e9n\u00e9tiques. \u00c0 la suite de ces pertes, des lacunes se forment dans la bouche et des perturbations commencent dans la fonction de mastication. Bien que les proth\u00e8ses amovibles assurent dans une certaine mesure la mastication, elles entra\u00eenent une g\u00eane et des probl\u00e8mes esth\u00e9tiques lors de leur utilisation. Les syst\u00e8mes de bridge, en revanche, endommagent les dents saines adjacentes. En raison de ces raisons n\u00e9gatives, les syst\u00e8mes implantaires remplacent les dents perdues. Dans les d\u00e9ficiences dentaires unitaires, il est possible de compl\u00e9ter la dent manquante sans toucher aux dents saines adjacentes. Il est possible d&#8217;utiliser des proth\u00e8ses fixes \u00e0 la place des proth\u00e8ses amovibles dans les d\u00e9ficiences dentaires multiples jusqu&#8217;aux implants dentaires.<\/p><h2><strong>Les implants dentaires conviennent-ils \u00e0 tous les patients\u00a0?<\/strong><\/h2><p>La d\u00e9termination de l&#8217;ad\u00e9quation osseuse doit \u00eatre effectu\u00e9e par un chirurgien maxillo-facial \u00e0 l&#8217;aide d&#8217;une tomographie 3D. Sinon, des probl\u00e8mes prospectifs peuvent \u00eatre rencontr\u00e9s dans les diagnostics effectu\u00e9s avec des radiographies classiques.<\/p><p>Les patients doivent \u00e9viter qui ont une maladie syst\u00e9mique importante et qui ont re\u00e7u une radioth\u00e9rapie ou une chimioth\u00e9rapie dans la p\u00e9riode r\u00e9cente. Il peut varier dans les processus de gu\u00e9rison chez les patients diab\u00e9tiques. Cependant, si la maladie est contr\u00f4l\u00e9e, l&#8217;implant peut \u00eatre appliqu\u00e9 \u00e0 n&#8217;importe qui. Si suffisamment d&#8217;os n&#8217;est pas d\u00e9tect\u00e9 lors de l&#8217;examen, les implants peuvent \u00eatre plac\u00e9s apr\u00e8s la cr\u00e9ation du niveau osseux avec des proc\u00e9dures suppl\u00e9mentaires.<\/p><p>Chez les patients atteints de diab\u00e8te \u00e9lev\u00e9 et d&#8217;une maladie cardiaque r\u00e9cente, un consentement \u00e9crit est obtenu en demandant \u00e0 leur m\u00e9decin. Si la maladie est sous contr\u00f4le, l&#8217;implant peut \u00eatre appliqu\u00e9 \u00e0 n&#8217;importe qui.<\/p><h2><strong>Combien de temps ces processus prendront-ils\u00a0?<\/strong><\/h2><p><strong>\u00a0<\/strong>Pour un chirurgien exp\u00e9riment\u00e9, le temps d&#8217;application moyen d&#8217;un implant est de 15 \u00e0 20\u00a0minutes. Ensuite, il y a des d\u00e9lais d&#8217;attente pour la poursuite du traitement. On s&#8217;attend \u00e0 ce que les implants fusionnent avec l&#8217;os en 3 mois en moyenne dans la m\u00e2choire sup\u00e9rieure et 3 mois dans la m\u00e2choire inf\u00e9rieure, et des couronnes sont faites dessus. Si des proc\u00e9dures suppl\u00e9mentaires sont appliqu\u00e9es en pr\u00e9sence d&#8217;os mince ou insuffisant (ajout de poussi\u00e8re osseuse, sinus lifting, etc.), le d\u00e9lai d&#8217;attente peut \u00eatre prolong\u00e9 jusqu&#8217;\u00e0 6 mois. La pr\u00e9sence de diff\u00e9rentes maladies m\u00e9taboliques qui varient d&#8217;un patient \u00e0 l&#8217;autre peut entra\u00eener des changements dans ces p\u00e9riodes.<\/p><h2><strong>Comment se d\u00e9roulent les processus chirurgicaux des implants dentaires\u00a0?<\/strong><\/h2><p>Ces op\u00e9rations, qui se d\u00e9roulent sous anesth\u00e9sie locale (comme pour l&#8217;obturation, le traitement radiculaire et l&#8217;extraction dentaire), ne sont indolores qu&#8217;en engourdissant la zone o\u00f9 l&#8217;implant dentaire sera pos\u00e9.<\/p><p>L&#8217;implant n&#8217;est pas n\u00e9cessaire pour chaque dent manquante. En cas d&#8217;\u00e9dentement complet, il est g\u00e9n\u00e9ralement pr\u00e9f\u00e9rable d&#8217;appliquer 6 \u00e0 8 implants sur la m\u00e2choire sup\u00e9rieure et 6 \u00e0 8 implants sur la m\u00e2choire inf\u00e9rieure.<\/p><p>Le processus de gu\u00e9rison est surmont\u00e9 en prenant les m\u00e9dicaments prescrits avant\/apr\u00e8s l&#8217;op\u00e9ration, en utilisant des rince-bouche antiseptiques apr\u00e8s la proc\u00e9dure et de bons soins bucco-dentaires. Les patients qui utilisent des anticoagulants, etc. doivent absolument informer leur dentiste de ces conditions avant la proc\u00e9dure.<\/p><p>Apr\u00e8s la proc\u00e9dure, un l\u00e9ger gonflement ou des changements de couleur sont attendus sur la joue, mais l&#8217;\u0153d\u00e8me diminuera rapidement avec l&#8217;application de compresses froides pendant les 24 premi\u00e8res heures. La douleur intense n&#8217;est pas observ\u00e9e.<\/p><h2><strong>Qu&#8217;est-ce que le lifting des sinus\u00a0?<\/strong><\/h2><p>Le lifting des sinus est un type particulier de chirurgie buccale. Il est recommand\u00e9 si l&#8217;os du patient n&#8217;est pas adapt\u00e9 \u00e0 l&#8217;implantation. Dans ce cas, une greffe osseuse est recommand\u00e9e. Le sinus lift est un cas particulier de greffe osseuse. Les chirurgiens buccaux utilisent des mat\u00e9riaux de greffe osseuse pour augmenter la hauteur de la m\u00e2choire sup\u00e9rieure. Cela peut \u00eatre n\u00e9cessaire si la m\u00e2choire de meulage sup\u00e9rieure n&#8217;est pas assez large pour tenir les implants.<\/p><p>Il peut arriver que la zone de la dent manquante n&#8217;ait pas \u00e9t\u00e9 manipul\u00e9e \u00e0 l&#8217;emplacement du petit et du gros site de meulage. Cela peut facilement conduire \u00e0 l&#8217;ost\u00e9oporose, \u00e0 l&#8217;\u00e9clatement, entra\u00eenant l&#8217;abaissement du sinus.<\/p><p>Ainsi, il est particuli\u00e8rement important en cas d&#8217;implantation d&#8217;avoir l&#8217;os \u00e0 la bonne hauteur et dans un \u00e9tat correct pour emp\u00eacher l&#8217;ouverture des sinus pendant la chirurgie buccale. Pour \u00e9viter de telles complications, ce type de chirurgie buccale est aujourd&#8217;hui une intervention de routine. Il est fabriqu\u00e9 en 2 m\u00e9thodes, ouverte et ferm\u00e9e.<\/p><h2><strong>Comment se d\u00e9roulent les op\u00e9rations de lifting des sinus\u00a0?<\/strong><\/h2><p><strong>\u00a0<\/strong>Deux types sont distingu\u00e9s\u00a0: le sinus lift ferm\u00e9 ou ouvert. Il n&#8217;y a aucune raison de s&#8217;inqui\u00e9ter, car l&#8217;anesth\u00e9sie locale rend l&#8217;intervention indolore.<\/p><h2>Sinus lift ferm\u00e9 ou sinus lift crestal<\/h2><p>Ce type de sinus lift est recommand\u00e9 en cas de moindre perte osseuse. \u00c0 travers le site de l&#8217;implant pr\u00e9vu, un mat\u00e9riau de greffe osseuse est ins\u00e9r\u00e9 dans la cavit\u00e9 sinusale et ses passages. Le mat\u00e9riau de greffe osseuse est incorpor\u00e9 dans un mat\u00e9riau dur de type os au fil du temps, et il est int\u00e9gr\u00e9 dans. Il peut donc \u00eatre implant\u00e9 en toute s\u00e9curit\u00e9.<\/p><h2>Sinus lift ouvert ou sinus lift lat\u00e9ral<\/h2><p>Cette proc\u00e9dure est effectu\u00e9e en cas d&#8217;une plus grande quantit\u00e9 d&#8217;os manquant. C&#8217;est un peu plus compliqu\u00e9 que le sinus lift ferm\u00e9, car la zone de greffe osseuse est \u00e9galement plus grande. Nos chirurgiens dentistes ouvrent le sinus \u00e0 travers les gencives. Placez le mat\u00e9riau de greffe osseuse jusqu&#8217;\u00e0 ce qu&#8217;il atteigne la hauteur souhait\u00e9e. Il est recouvert d&#8217;une membrane sp\u00e9ciale, qui aide \u00e9galement \u00e0 la cicatrisation.<\/p><h2><strong>Quel est le processus de greffe osseuse\u00a0?<\/strong><\/h2><p>Les greffons osseux appel\u00e9s poudre d&#8217;os sont obtenus de diverses mani\u00e8res. Les greffons d&#8217;origine humaine, d&#8217;origine animale ou synth\u00e9tiques sont produits sous forme de poudre \u00e0 petites particules ou sous forme de bloc.<\/p><p>Les greffes osseuses sont utilis\u00e9es en pr\u00e9sence d&#8217;os insuffisant dans la zone o\u00f9 les implants dentaires seront r\u00e9alis\u00e9s, les situations o\u00f9 l&#8217;on souhaite r\u00e9aliser l&#8217;implant dans la m\u00eame s\u00e9ance avec l&#8217;extraction dentaire, les op\u00e9rations de lifting du plancher sinusien pr\u00e9-implantaire ou lors de l&#8217;extraction de dents qui provoquent inflammation chronique et font fondre les os en restant longtemps dans la bouche. Il aide \u00e0 gu\u00e9rir cette zone plus rapidement et \u00e0 augmenter le volume osseux.<\/p>\t\t\t\t\t\t<\/div>\n\t\t\t\t<\/div>\n\t\t\t\t\t<\/div>\n\t\t<\/div>\n\t\t\t\t\t\t\t<\/div>\n\t\t<\/section>\n\t\t\t\t\t<\/div>\n\t\t<\/div>\n\t\t\t\t\t\t\t<\/div>\n\t\t<\/section>\n\t\t\t\t\t\t\t<\/div>","protected":false},"excerpt":{"rendered":"<p>Implant Dentaire Home PRESTATIONS DE SERVICE Implant Dentaire Couronne en Zirconium Placage Stratifi\u00e9 E-Max Sourire Hollywoodien Relooking du Sourire Blanchissement Dentaire Tout Sur 4 Implant Denta\u0131re Qu&#8217;est-ce qu&#8217;un implant\u00a0? Il s&#8217;agit d&#8217;un syst\u00e8me de vis en titane utilis\u00e9 pour fabriquer des proth\u00e8ses et des couronnes sur les d\u00e9ficiences des dents implantaires. Les implants dentaires plac\u00e9s [&hellip;]<\/p>","protected":false},"author":1,"featured_media":0,"parent":1535,"menu_order":0,"comment_status":"closed","ping_status":"closed","template":"","meta":{"footnotes":""},"class_list":["post-271","page","type-page","status-publish","hentry"],"aioseo_notices":[],"_links":{"self":[{"href":"https:\/\/dentblueinternational.com\/fr\/wp-json\/wp\/v2\/pages\/271","targetHints":{"allow":["GET"]}}],"collection":[{"href":"https:\/\/dentblueinternational.com\/fr\/wp-json\/wp\/v2\/pages"}],"about":[{"href":"https:\/\/dentblueinternational.com\/fr\/wp-json\/wp\/v2\/types\/page"}],"author":[{"embeddable":true,"href":"https:\/\/dentblueinternational.com\/fr\/wp-json\/wp\/v2\/users\/1"}],"replies":[{"embeddable":true,"href":"https:\/\/dentblueinternational.com\/fr\/wp-json\/wp\/v2\/comments?post=271"}],"version-history":[{"count":0,"href":"https:\/\/dentblueinternational.com\/fr\/wp-json\/wp\/v2\/pages\/271\/revisions"}],"up":[{"embeddable":true,"href":"https:\/\/dentblueinternational.com\/fr\/wp-json\/wp\/v2\/pages\/1535"}],"wp:attachment":[{"href":"https:\/\/dentblueinternational.com\/fr\/wp-json\/wp\/v2\/media?parent=271"}],"curies":[{"name":"wp","href":"https:\/\/api.w.org\/{rel}","templated":true}]}}